{"id":1533,"date":"2019-03-21T11:59:37","date_gmt":"2019-03-21T11:59:37","guid":{"rendered":"http:\/\/intertektrading.com\/de\/?page_id=1533"},"modified":"2019-06-25T08:05:55","modified_gmt":"2019-06-25T08:05:55","slug":"data_privacy","status":"publish","type":"page","link":"https:\/\/intertektrading.com\/de\/data_privacy","title":{"rendered":"Data Privacy"},"content":{"rendered":"<div class=\"wpb-content-wrapper\">[vc_row attached=&#8221;true&#8221;][vc_column width=&#8221;1\/6&#8243;][\/vc_column][vc_column width=&#8221;2\/3&#8243;][vc_row_inner attached=&#8221;true&#8221; is_fullwidth_content=&#8221;false&#8221; column_padding=&#8221;-20&#8243; css=&#8221;.vc_custom_1550657812058{margin-right: -10px !important;}&#8221;][vc_column_inner css=&#8221;.vc_custom_1550657641205{margin-right: -30px !important;}&#8221;][\/vc_column_inner][\/vc_row_inner][\/vc_column][vc_column width=&#8221;1\/6&#8243;][\/vc_column][\/vc_row][vc_row][vc_column][\/vc_column][\/vc_row][vc_row][vc_column width=&#8221;1\/6&#8243;][\/vc_column][vc_column width=&#8221;2\/3&#8243; css=&#8221;.vc_custom_1551290479472{margin-left: -100px !important;border-left-width: 0px !important;padding-left: 0px !important;}&#8221;][mk_padding_divider size=&#8221;80&#8243;][mk_fancy_title tag_name=&#8221;h1&#8243; color=&#8221;#021e3f&#8221; size=&#8221;40&#8243; font_weight=&#8221;400&#8243; txt_transform=&#8221;capitalize&#8221; margin_bottom=&#8221;0&#8243; font_family=&#8221;Roboto&#8221; font_type=&#8221;google&#8221;]Datenschutz[\/mk_fancy_title][mk_padding_divider][mk_padding_divider size=&#8221;3&#8243;][mk_fancy_title tag_name=&#8221;h5&#8243; color=&#8221;#01b50a&#8221; size=&#8221;18&#8243; line_height=&#8221;20&#8243; font_weight=&#8221;bolder&#8221; margin_bottom=&#8221;0&#8243; font_family=&#8221;none&#8221;]\n<h2><strong>1. Datenschutzerkl\u00e4rung<\/strong><\/h2>\n[\/mk_fancy_title][mk_padding_divider size=&#8221;8&#8243;][mk_fancy_title font_family=&#8221;none&#8221;]\n<h5>Vielen Dank f\u00fcr Ihr Interesse an unserer Website.. Der Schutz Ihrer pers\u00f6nlichen Daten ist uns ein wichtiges Anliegen. Im Folgenden m\u00f6chten wir Sie ausf\u00fchrlich dar\u00fcber informieren, was wir mit Ihren Daten tun. Selbstverst\u00e4ndlich haben wir alle gesetzlichen Bestimmungen des schweizerischen Datenschutzgesetzes und andere datenschutzrechtliche Bestimmungen beachtet.<\/h5>\n[\/mk_fancy_title][mk_padding_divider size=&#8221;3&#8243;][mk_fancy_title tag_name=&#8221;h5&#8243; color=&#8221;#01b50a&#8221; size=&#8221;18&#8243; line_height=&#8221;20&#8243; font_weight=&#8221;bolder&#8221; margin_bottom=&#8221;0&#8243; font_family=&#8221;none&#8221;]\n<h2><strong>2. Datenerhebung und -verarbeitung<\/strong><\/h2>\n[\/mk_fancy_title][mk_padding_divider size=&#8221;8&#8243;][mk_fancy_title font_family=&#8221;none&#8221;]\n<h5>Um unsere Online-Services nutzen zu k\u00f6nnen, ist es nicht erforderlich, personenbezogene Daten anzugeben. Es werden nur Daten ohne Personenbezug wie der Name Ihres Internet Service Providers, die Seite, von der aus Sie uns besuchen, der Name der angeforderten Dateien und deren Freigabedatum gespeichert. Diese Daten werden ausschlie\u00dflich zur Verbesserung unserer Angebote verwendet und lassen keine R\u00fcckschl\u00fcsse auf die Person zu. Personenbezogene Daten werden nur dann gespeichert, wenn Sie diese freiwillig angeben. Dies geschieht zum Beispiel, wenn Sie eine Bestellung aufgeben, ein Kundenkonto er\u00f6ffnen oder sich f\u00fcr unseren Newsletter registrieren.<\/h5>\n[\/mk_fancy_title][mk_padding_divider size=&#8221;3&#8243;][mk_fancy_title tag_name=&#8221;h5&#8243; color=&#8221;#01b50a&#8221; size=&#8221;18&#8243; line_height=&#8221;20&#8243; font_weight=&#8221;bolder&#8221; margin_bottom=&#8221;0&#8243; font_family=&#8221;none&#8221;]\n<h2><strong>3. Verwendung und Weitergabe personenbezogener Daten<\/strong><\/h2>\n[\/mk_fancy_title][mk_padding_divider size=&#8221;8&#8243;][mk_fancy_title font_family=&#8221;none&#8221;]\n<h5>Wenn Sie uns auffordern, eine Dienstleistung oder Ware zu erbringen, werden Ihre personenbezogenen Daten nur ohne Ihre ausdr\u00fcckliche Zustimmung verwendet, soweit dies f\u00fcr die Erbringung der Dienstleistung oder die Erf\u00fcllung des Vertrages erforderlich ist. Dazu geh\u00f6rt insbesondere die Weitergabe Ihrer Daten an Transportunternehmen, Kreditunternehmen oder andere Dienstleister, die zur Erf\u00fcllung Ihrer Bestellung erforderlich sind. Nach Abschluss des Vertrages werden Ihre Daten gesperrt und nach Ablauf der steuerlichen und gewerblichen Aufbewahrungsfristen gel\u00f6scht, es sei denn, Sie haben der weiteren Nutzung ausdr\u00fccklich zugestimmt. Wenn Sie sich unter Angabe Ihrer E-Mail-Adresse f\u00fcr den Erhalt unseres Newsletters registriert haben, wird dieser f\u00fcr Werbezwecke verwendet, bis Sie sich abmelden. Eine Abmeldung ist jederzeit m\u00f6glich.<\/h5>\n<h5>Kontaktformular<\/h5>\n<h5>Wenn Sie uns Anfragen \u00fcber das Kontaktformular senden, werden Ihre Angaben aus dem Anfrageformular, einschlie\u00dflich der von Ihnen angegebenen Kontaktdaten, zur Bearbeitung der Anfrage und bei Folgefragen bei uns gespeichert. Wir werden diese Informationen nicht ohne Ihre Zustimmung weitergeben.<br \/>\nDie Verarbeitung der im Kontaktformular eingegebenen Daten erfolgt daher ausschlie\u00dflich mit Ihrer Zustimmung. Diese Einwilligung k\u00f6nnen Sie jederzeit widerrufen. Eine formlose Nachricht an uns gen\u00fcgt. Die Rechtm\u00e4\u00dfigkeit der bis zum Widerruf durchgef\u00fchrten Datenverarbeitung bleibt von dem Widerruf unber\u00fchrt. Die von Ihnen im Kontaktformular angegebenen Daten bleiben bei uns, bis Sie die L\u00f6schung verlangen, Ihre Einwilligung zur Speicherung widerrufen oder der Zweck der Datenspeicherung entf\u00e4llt. Zwingende gesetzliche Bestimmungen &#8211; insbesondere Aufbewahrungsfristen &#8211; bleiben unber\u00fchrt.<\/h5>\n[\/mk_fancy_title][mk_padding_divider size=&#8221;3&#8243;][mk_fancy_title tag_name=&#8221;h5&#8243; color=&#8221;#01b50a&#8221; size=&#8221;18&#8243; line_height=&#8221;20&#8243; font_weight=&#8221;bolder&#8221; margin_bottom=&#8221;0&#8243; font_family=&#8221;none&#8221;]\n<h2><strong>4. Verwendung von Cookies<\/strong><\/h2>\n[\/mk_fancy_title][mk_padding_divider size=&#8221;8&#8243;][mk_fancy_title font_family=&#8221;none&#8221;]\n<h5>Um unser Online-Angebot zu optimieren und die Nutzung bestimmter Funktionen zu erm\u00f6glichen, verwenden wir Cookies. Diese kleinen Textdateien werden auf Ihrem Computer gespeichert und nach Ende der Browser-Sitzung von Ihrer Festplatte gel\u00f6scht (&#8220;Session-Cookies&#8221;). Die sogenannten &#8220;persistenten Cookies&#8221; hingegen verbleiben auf Ihrem Computer und erm\u00f6glichen es uns, Sie bei Ihrem n\u00e4chsten Besuch wiederzuerkennen. Unseren Partnerunternehmen ist es nicht gestattet, personenbezogene Daten \u00fcber Cookies zu erheben, zu verarbeiten oder zu nutzen. Sie haben die M\u00f6glichkeit, das Speichern von Cookies auf Ihrem Computer \u00fcber Ihre Browsereinstellungen zu verhindern. Dies kann jedoch die Funktionalit\u00e4t unseres Sortiments einschr\u00e4nken.<\/h5>\n[\/mk_fancy_title][mk_padding_divider size=&#8221;3&#8243;][mk_fancy_title tag_name=&#8221;h5&#8243; color=&#8221;#01b50a&#8221; size=&#8221;18&#8243; line_height=&#8221;20&#8243; font_weight=&#8221;bolder&#8221; margin_bottom=&#8221;0&#8243; font_family=&#8221;none&#8221;]\n<h2><strong>5. Google Analytics<\/strong><\/h2>\n[\/mk_fancy_title][mk_padding_divider size=&#8221;8&#8243;][mk_fancy_title font_family=&#8221;none&#8221;]\n<div id=\"c375\" class=\"csc-default\">\n<div class=\"csc-textpic-text\">\n<h5>Diese Website benutzt Google Analytics, einen Webanalysedienst der Google Inc. (&#8220;Google&#8221;). Google Analytics verwendet auch &#8220;Cookies&#8221;, die auf Ihrem Computer gespeichert werden und die eine Analyse der Benutzung der Website durch Sie erm\u00f6glichen. Die durch die Cookies erzeugten Informationen \u00fcber Ihre Benutzung dieser Website werden in der Regel an einen Server von Google in den USA \u00fcbertragen und dort gespeichert. Im Falle der Aktivierung der IP-Anonymisierung auf dieser Website wird Ihre IP-Adresse innerhalb der Mitgliedstaaten der Europ\u00e4ischen Union oder anderer Mitgliedstaaten des Abkommens \u00fcber den Europ\u00e4ischen Wirtschaftsraum gek\u00fcrzt. Nur in Ausnahmef\u00e4llen wird die vollst\u00e4ndige IP-Adresse an einen Google-Server in den USA \u00fcbertragen und dort gek\u00fcrzt. Im Auftrag des Betreibers dieser Website wird Google diese Informationen benutzen, um Ihre Nutzung der Website auszuwerten, um Reports \u00fcber die Websiteaktivit\u00e4ten zusammenzustellen und um weitere mit der Website und dem Internet verbundene Dienstleistungen zu erbringen. Google Analytics wird Ihre IP-Adresse nicht mit anderen Daten von Google in Verbindung bringen. Sie k\u00f6nnen die Installation der Cookies durch eine entsprechende Einstellung Ihrer Browsersoftware verhindern; in diesem Fall k\u00f6nnen Sie die Funktionen der Website jedoch m\u00f6glicherweise nicht vollst\u00e4ndig nutzen. Sie k\u00f6nnen auch die \u00dcbertragung der durch die Cookies erzeugten Daten und die Verarbeitung dieser Daten (einschlie\u00dflich Ihrer IP-Adresse) durch Google verhindern, indem Sie das verf\u00fcgbare Browser-Plugin unter folgendem Link (http:\/\/tools.google.com\/dlpage\/gaoptout?hl=de) herunterladen und installieren.<br \/>\nSie k\u00f6nnen die Erkennung durch Google Analytics verhindern, indem Sie auf den untenstehenden Link klicken. Es gibt ein Opt-out-Cookie, das die zuk\u00fcnftige Erfassung Ihrer Daten beim Besuch dieser Website verhindert: Google Analytics deaktivieren<br \/>\nSie k\u00f6nnen die Erkennung durch Google Analytics verhindern, indem Sie auf den untenstehenden Link klicken. Es gibt ein Opt-out-Cookie, das die zuk\u00fcnftige Erfassung Ihrer Daten beim Besuch dieser Website verhindert: Google Analytics deaktivieren<br \/>\nWeitere Informationen zu den Nutzungsbedingungen und der Datenschutzerkl\u00e4rung finden Sie unter http:\/\/www.google.com\/analytics\/terms\/de.html oder unter https:\/\/www.google.de\/intl\/de\/policies\/. Wir weisen darauf hin, dass der Google Analytics-Code auf dieser Website um &#8220;anonymizeIp&#8221; erweitert wurde, um eine anonyme Erfassung von IP-Adressen (sog. IP-Masking) zu gew\u00e4hrleisten.<\/h5>\n<\/div>\n<\/div>\n[\/mk_fancy_title][mk_padding_divider size=&#8221;3&#8243;][mk_fancy_title tag_name=&#8221;h5&#8243; color=&#8221;#01b50a&#8221; size=&#8221;18&#8243; line_height=&#8221;20&#8243; font_weight=&#8221;bolder&#8221; margin_bottom=&#8221;0&#8243; font_family=&#8221;none&#8221;]\n<h2><strong>6. Recht auf Information<\/strong><\/h2>\n[\/mk_fancy_title][mk_padding_divider size=&#8221;8&#8243;][mk_fancy_title font_family=&#8221;none&#8221;]\n<div id=\"c375\" class=\"csc-default\">\n<div class=\"csc-textpic-text\">\n<h5>Nach den Bestimmungen des Schweizerischen Datenschutzgesetzes und der Allgemeinen Datenschutzverordnung der EU (EU GSGVO) haben Sie ein Recht auf unentgeltliche Auskunft \u00fcber Ihre gespeicherten Daten und ein Recht auf Berichtigung, Sperrung oder L\u00f6schung dieser Daten.<\/h5>\n<\/div>\n<\/div>\n[\/mk_fancy_title][mk_padding_divider size=&#8221;3&#8243;][mk_fancy_title tag_name=&#8221;h5&#8243; color=&#8221;#01b50a&#8221; size=&#8221;18&#8243; line_height=&#8221;20&#8243; font_weight=&#8221;bolder&#8221; margin_bottom=&#8221;0&#8243; font_family=&#8221;none&#8221;]\n<h2><strong>7. Kontakt<\/strong><\/h2>\n[\/mk_fancy_title][mk_padding_divider size=&#8221;8&#8243;][mk_fancy_title font_family=&#8221;none&#8221;]\n<div id=\"c375\" class=\"csc-default\">\n<div class=\"csc-textpic-text\">\n<h5>Wenn Sie Fragen zur Erhebung, Verarbeitung oder Nutzung personenbezogener Daten haben, eine Auskunft, Berichtigung, Sperrung oder L\u00f6schung von Daten ben\u00f6tigen oder eine zuvor erteilte Einwilligung widerrufen m\u00f6chten:<\/h5>\n<h5><\/h5>\n<h5>InterTek Trading AG<\/h5>\n<h5>Othmarstra\u00dfe 8<\/h5>\n<h5>8008 Z\u00fcrich<\/h5>\n<h5 class=\"bodytext\">Schweiz<\/h5>\n<\/div>\n<\/div>\n[\/mk_fancy_title][\/vc_column][vc_column width=&#8221;1\/6&#8243;][\/vc_column][\/vc_row][vc_row][vc_column][mk_padding_divider size=&#8221;100&#8243;][\/vc_column][\/vc_row]\n<\/div>","protected":false},"excerpt":{"rendered":"<p>[vc_row attached=&#8221;true&#8221;][vc_column width=&#8221;1\/6&#8243;][\/vc_column][vc_column width=&#8221;2\/3&#8243;][vc_row_inner attached=&#8221;true&#8221; is_fullwidth_content=&#8221;false&#8221; column_padding=&#8221;-20&#8243; css=&#8221;.vc_custom_1550657812058{margin-right: -10px !important;}&#8221;][vc_column_inner css=&#8221;.vc_custom_1550657641205{margin-right: -30px !important;}&#8221;][\/vc_column_inner][\/vc_row_inner][\/vc_column][vc_column width=&#8221;1\/6&#8243;][\/vc_column][\/vc_row][vc_row][vc_column][\/vc_column][\/vc_row][vc_row][vc_column width=&#8221;1\/6&#8243;][\/vc_column][vc_column width=&#8221;2\/3&#8243; css=&#8221;.vc_custom_1551290479472{margin-left: -100px !important;border-left-width: 0px !important;padding-left: 0px !important;}&#8221;][mk_padding_divider size=&#8221;80&#8243;][mk_fancy_title tag_name=&#8221;h1&#8243; color=&#8221;#021e3f&#8221; size=&#8221;40&#8243; font_weight=&#8221;400&#8243; txt_transform=&#8221;capitalize&#8221; margin_bottom=&#8221;0&#8243; font_family=&#8221;Roboto&#8221; font_type=&#8221;google&#8221;]Datenschutz[\/mk_fancy_title][mk_padding_divider][mk_padding_divider size=&#8221;3&#8243;][mk_fancy_title tag_name=&#8221;h5&#8243; color=&#8221;#01b50a&#8221; size=&#8221;18&#8243; line_height=&#8221;20&#8243; font_weight=&#8221;bolder&#8221; margin_bottom=&#8221;0&#8243; font_family=&#8221;none&#8221;] 1. Datenschutzerkl\u00e4rung [\/mk_fancy_title][mk_padding_divider size=&#8221;8&#8243;][mk_fancy_title font_family=&#8221;none&#8221;] Vielen Dank f\u00fcr Ihr Interesse an unserer Website.. Der Schutz [&hellip;]<\/p>\n","protected":false},"author":1,"featured_media":0,"parent":0,"menu_order":0,"comment_status":"closed","ping_status":"closed","template":"","meta":{"footnotes":""},"class_list":["post-1533","page","type-page","status-publish","hentry"],"_links":{"self":[{"href":"https:\/\/intertektrading.com\/de\/wp-json\/wp\/v2\/pages\/1533"}],"collection":[{"href":"https:\/\/intertektrading.com\/de\/wp-json\/wp\/v2\/pages"}],"about":[{"href":"https:\/\/intertektrading.com\/de\/wp-json\/wp\/v2\/types\/page"}],"author":[{"embeddable":true,"href":"https:\/\/intertektrading.com\/de\/wp-json\/wp\/v2\/users\/1"}],"replies":[{"embeddable":true,"href":"https:\/\/intertektrading.com\/de\/wp-json\/wp\/v2\/comments?post=1533"}],"version-history":[{"count":7,"href":"https:\/\/intertektrading.com\/de\/wp-json\/wp\/v2\/pages\/1533\/revisions"}],"predecessor-version":[{"id":2992,"href":"https:\/\/intertektrading.com\/de\/wp-json\/wp\/v2\/pages\/1533\/revisions\/2992"}],"wp:attachment":[{"href":"https:\/\/intertektrading.com\/de\/wp-json\/wp\/v2\/media?parent=1533"}],"curies":[{"name":"wp","href":"https:\/\/api.w.org\/{rel}","templated":true}]}}