{"id":1851,"date":"2019-04-19T09:16:36","date_gmt":"2019-04-19T09:16:36","guid":{"rendered":"http:\/\/intertektrading.com\/de\/?page_id=1851"},"modified":"2021-04-14T14:27:51","modified_gmt":"2021-04-14T14:27:51","slug":"hot-embossing-technology","status":"publish","type":"page","link":"https:\/\/intertektrading.com\/de\/dienstleistungen\/hot-embossing-technology","title":{"rendered":"Hei\u00dfpr\u00e4getechnologie"},"content":{"rendered":"<div class=\"wpb-content-wrapper\">[vc_row attached=&#8221;true&#8221;][vc_column width=&#8221;4\/6&#8243;][mk_padding_divider size=&#8221;80&#8243;][vc_row_inner attached=&#8221;true&#8221; is_fullwidth_content=&#8221;false&#8221; column_padding=&#8221;-20&#8243; css=&#8221;.vc_custom_1550657812058{margin-right: -10px !important;}&#8221;][vc_column_inner css=&#8221;.vc_custom_1550657641205{margin-right: -30px !important;}&#8221;][mk_fancy_title tag_name=&#8221;h1&#8243; color=&#8221;#021e3f&#8221; size=&#8221;24&#8243; font_weight=&#8221;400&#8243; txt_transform=&#8221;capitalize&#8221; margin_bottom=&#8221;0&#8243; font_family=&#8221;Roboto&#8221; font_type=&#8221;google&#8221;]\n<p><a href=\"http:\/\/intertektrading.com\/de\/services\">Dienstleistungen<\/a> \/<strong><em>Hei\u00dfpr\u00e4getechnologie<\/em><\/strong><\/p>\n[\/mk_fancy_title][\/vc_column_inner][\/vc_row_inner][\/vc_column][vc_column width=&#8221;2\/6&#8243;][\/vc_column][\/vc_row][vc_row][vc_column][mk_padding_divider][\/vc_column][\/vc_row][vc_row][vc_column width=&#8221;1\/2&#8243;][mk_image src=&#8221;http:\/\/intertektrading.com\/de\/wp-content\/uploads\/2021\/03\/hot_embossing.png&#8221; image_size=&#8221;full&#8221;][\/vc_column][vc_column width=&#8221;1\/2&#8243; css=&#8221;.vc_custom_1551289355898{margin-left: -100px !important;}&#8221;][mk_padding_divider size=&#8221;3&#8243;][mk_fancy_title tag_name=&#8221;h1&#8243; color=&#8221;#021e3f&#8221; size=&#8221;26&#8243; font_weight=&#8221;bolder&#8221; margin_bottom=&#8221;0&#8243; font_family=&#8221;none&#8221;]\n<h1>Jungbecker Hei\u00dfpr\u00e4getechnologie<\/h1>\n[\/mk_fancy_title][mk_padding_divider size=&#8221;35&#8243;][mk_fancy_title tag_name=&#8221;h5&#8243; color=&#8221;#01b50a&#8221; size=&#8221;20&#8243; font_weight=&#8221;bolder&#8221; margin_bottom=&#8221;0&#8243; font_family=&#8221;none&#8221;]<b>Gro\u00dffl\u00e4chige, hochpr\u00e4zise Mikrostrutkuren<\/b>[\/mk_fancy_title][mk_padding_divider size=&#8221;10&#8243;][mk_fancy_title font_family=&#8221;none&#8221;]\n<h5 class=\"p1\">\u2022 Abmessungen max. 1600mm x 600mm<br \/>\n\u2022 H\u00f6chste Strukturabbildungspr\u00e4zision und Formgenauigkeit<br \/>\n\u2022 Kundenspezifischer Werkzeugbau<\/h5>\n[\/mk_fancy_title][mk_padding_divider size=&#8221;10&#8243;][mk_fancy_title tag_name=&#8221;h5&#8243; color=&#8221;#01b50a&#8221; size=&#8221;20&#8243; font_weight=&#8221;bolder&#8221; margin_bottom=&#8221;0&#8243; font_family=&#8221;none&#8221;]<b>Erweiterte design- und funktionsrelevante Merkmale:<\/b>[\/mk_fancy_title][mk_padding_divider size=&#8221;10&#8243;][mk_fancy_title font_family=&#8221;none&#8221;]\n<h5 class=\"p1\">\u2022 Kombination von mikrostrukturierten und unstrukturierten Bereichen mit perfekter Oberfl\u00e4chenqualit\u00e4t<br \/>\n\u2022 Seitliche Kopplungsoptiken<br \/>\n\u2022 3D-Profile auch f\u00fcr gro\u00dfe Dimensionen<\/h5>\n[\/mk_fancy_title][vc_row_inner attached=&#8221;true&#8221; is_fullwidth_content=&#8221;false&#8221;][vc_column_inner width=&#8221;2\/6&#8243;][mk_button dimension=&#8221;flat&#8221; corner_style=&#8221;full_rounded&#8221; size=&#8221;medium&#8221; url=&#8221;mailto:sales@intertektrading.com&#8221; bg_color=&#8221;#94b292&#8243; btn_hover_bg=&#8221;#94b292&#8243; btn_hover_txt_color=&#8221;#ffffff&#8221;]KONTAKT[\/mk_button][\/vc_column_inner][vc_column_inner width=&#8221;2\/6&#8243;][\/vc_column_inner][vc_column_inner width=&#8221;1\/6&#8243;][\/vc_column_inner][vc_column_inner width=&#8221;1\/6&#8243;][\/vc_column_inner][\/vc_row_inner][\/vc_column][\/vc_row][vc_row][vc_column][mk_padding_divider size=&#8221;110&#8243;][\/vc_column][\/vc_row]\n<\/div>","protected":false},"excerpt":{"rendered":"<p>[vc_row attached=&#8221;true&#8221;][vc_column width=&#8221;4\/6&#8243;][mk_padding_divider size=&#8221;80&#8243;][vc_row_inner attached=&#8221;true&#8221; is_fullwidth_content=&#8221;false&#8221; column_padding=&#8221;-20&#8243; css=&#8221;.vc_custom_1550657812058{margin-right: -10px !important;}&#8221;][vc_column_inner css=&#8221;.vc_custom_1550657641205{margin-right: -30px !important;}&#8221;][mk_fancy_title tag_name=&#8221;h1&#8243; color=&#8221;#021e3f&#8221; size=&#8221;24&#8243; font_weight=&#8221;400&#8243; txt_transform=&#8221;capitalize&#8221; margin_bottom=&#8221;0&#8243; font_family=&#8221;Roboto&#8221; font_type=&#8221;google&#8221;] Dienstleistungen \/Hei\u00dfpr\u00e4getechnologie [\/mk_fancy_title][\/vc_column_inner][\/vc_row_inner][\/vc_column][vc_column width=&#8221;2\/6&#8243;][\/vc_column][\/vc_row][vc_row][vc_column][mk_padding_divider][\/vc_column][\/vc_row][vc_row][vc_column width=&#8221;1\/2&#8243;][mk_image src=&#8221;http:\/\/intertektrading.com\/de\/wp-content\/uploads\/2021\/03\/hot_embossing.png&#8221; image_size=&#8221;full&#8221;][\/vc_column][vc_column width=&#8221;1\/2&#8243; css=&#8221;.vc_custom_1551289355898{margin-left: -100px !important;}&#8221;][mk_padding_divider size=&#8221;3&#8243;][mk_fancy_title tag_name=&#8221;h1&#8243; color=&#8221;#021e3f&#8221; size=&#8221;26&#8243; font_weight=&#8221;bolder&#8221; margin_bottom=&#8221;0&#8243; font_family=&#8221;none&#8221;] Jungbecker Hei\u00dfpr\u00e4getechnologie [\/mk_fancy_title][mk_padding_divider size=&#8221;35&#8243;][mk_fancy_title tag_name=&#8221;h5&#8243; color=&#8221;#01b50a&#8221; size=&#8221;20&#8243; font_weight=&#8221;bolder&#8221; margin_bottom=&#8221;0&#8243; font_family=&#8221;none&#8221;]Gro\u00dffl\u00e4chige, hochpr\u00e4zise Mikrostrutkuren[\/mk_fancy_title][mk_padding_divider size=&#8221;10&#8243;][mk_fancy_title font_family=&#8221;none&#8221;] \u2022 Abmessungen [&hellip;]<\/p>\n","protected":false},"author":1,"featured_media":0,"parent":929,"menu_order":0,"comment_status":"closed","ping_status":"closed","template":"","meta":{"footnotes":""},"class_list":["post-1851","page","type-page","status-publish","hentry"],"_links":{"self":[{"href":"https:\/\/intertektrading.com\/de\/wp-json\/wp\/v2\/pages\/1851"}],"collection":[{"href":"https:\/\/intertektrading.com\/de\/wp-json\/wp\/v2\/pages"}],"about":[{"href":"https:\/\/intertektrading.com\/de\/wp-json\/wp\/v2\/types\/page"}],"author":[{"embeddable":true,"href":"https:\/\/intertektrading.com\/de\/wp-json\/wp\/v2\/users\/1"}],"replies":[{"embeddable":true,"href":"https:\/\/intertektrading.com\/de\/wp-json\/wp\/v2\/comments?post=1851"}],"version-history":[{"count":17,"href":"https:\/\/intertektrading.com\/de\/wp-json\/wp\/v2\/pages\/1851\/revisions"}],"predecessor-version":[{"id":3500,"href":"https:\/\/intertektrading.com\/de\/wp-json\/wp\/v2\/pages\/1851\/revisions\/3500"}],"up":[{"embeddable":true,"href":"https:\/\/intertektrading.com\/de\/wp-json\/wp\/v2\/pages\/929"}],"wp:attachment":[{"href":"https:\/\/intertektrading.com\/de\/wp-json\/wp\/v2\/media?parent=1851"}],"curies":[{"name":"wp","href":"https:\/\/api.w.org\/{rel}","templated":true}]}}