{"id":2021,"date":"2019-05-05T10:16:32","date_gmt":"2019-05-05T10:16:32","guid":{"rendered":"http:\/\/intertektrading.com\/de\/?page_id=2021"},"modified":"2025-04-07T15:05:37","modified_gmt":"2025-04-07T15:05:37","slug":"edgelit-technology","status":"publish","type":"page","link":"https:\/\/intertektrading.com\/de\/edgelit-technology","title":{"rendered":"Edgelit-Technologie"},"content":{"rendered":"<div class=\"wpb-content-wrapper\">[vc_row attached=&#8221;true&#8221;][vc_column width=&#8221;4\/6&#8243;][mk_padding_divider size=&#8221;80&#8243;][vc_row_inner attached=&#8221;true&#8221; is_fullwidth_content=&#8221;false&#8221; column_padding=&#8221;-20&#8243; css=&#8221;.vc_custom_1550657812058{margin-right: -10px !important;}&#8221;][vc_column_inner css=&#8221;.vc_custom_1550657641205{margin-right: -30px !important;}&#8221;][mk_fancy_title tag_name=&#8221;span&#8221; color=&#8221;#021e3f&#8221; size=&#8221;24&#8243; font_weight=&#8221;400&#8243; txt_transform=&#8221;capitalize&#8221; margin_bottom=&#8221;0&#8243; font_family=&#8221;Roboto&#8221; font_type=&#8221;google&#8221;]<a href=\"http:\/\/intertektrading.com\/de\/optics\/jungbecker-products-partner\">Jungbecker<\/a> \/ <strong><em>Hei\u00dfgepr\u00e4gte Lighting Guiding Plates<\/em><\/strong>[\/mk_fancy_title][\/vc_column_inner][\/vc_row_inner][\/vc_column][vc_column width=&#8221;2\/6&#8243;][\/vc_column][\/vc_row][vc_row][vc_column][mk_padding_divider size=&#8221;65&#8243;][\/vc_column][\/vc_row][vc_row][vc_column width=&#8221;1\/2&#8243;][mk_image src=&#8221;http:\/\/intertektrading.com\/de\/wp-content\/uploads\/2021\/03\/artboard-2-copy-55.png&#8221; image_size=&#8221;full&#8221;][mk_image src=&#8221;http:\/\/intertektrading.com\/de\/wp-content\/uploads\/2021\/03\/artboard-1.png&#8221; image_size=&#8221;full&#8221;][\/vc_column][vc_column width=&#8221;1\/2&#8243; css=&#8221;.vc_custom_1558088989556{margin-left: 0px !important;}&#8221;][mk_padding_divider size=&#8221;3&#8243;][mk_fancy_title tag_name=&#8221;h1&#8243; color=&#8221;#01b50a&#8221; size=&#8221;18&#8243; line_height=&#8221;20&#8243; font_weight=&#8221;bolder&#8221; margin_bottom=&#8221;0&#8243; font_family=&#8221;none&#8221;]\n<h2>Ma\u00dfgeschneiderte Edgelit-Technologie<\/h2>\n[\/mk_fancy_title][mk_padding_divider size=&#8221;8&#8243;][mk_fancy_title font_family=&#8221;none&#8221;]\n<h5 class=\"p1\">Die neue, weiterentwickelte Technologie der edgelit-Lichtleitprismenplatten bietet individuelle L\u00f6sungen f\u00fcr eine Vielzahl von LED-basierten Beleuchtungsanwendungen: von der B\u00fcrobeleuchtung mit vorschriftsm\u00e4\u00dfigem Entblendungsverhalten \u00fcber die blendfreie Stra\u00dfenbeleuchtung bis hin zur schattenfreien Werkbankbeleuchtung und vieles mehr. Kundenspezifische Optimierungen der Lichtauskopplungselemente in Kombination mit einer Vielzahl unterschiedlicher Formfaktoren erm\u00f6glichen wirklich einzigartige Produkte mit h\u00f6chster Effizienz und einem transparenten Erscheinungsbild.<\/h5>\n[\/mk_fancy_title][mk_padding_divider size=&#8221;8&#8243;][mk_fancy_title tag_name=&#8221;h5&#8243; color=&#8221;#000000&#8243; size=&#8221;20&#8243; line_height=&#8221;20&#8243; font_weight=&#8221;bolder&#8221; margin_bottom=&#8221;0&#8243; font_family=&#8221;none&#8221;]<b>Produkteigentschaften<\/b>[\/mk_fancy_title][mk_padding_divider size=&#8221;12&#8243;][mk_fancy_title font_family=&#8221;none&#8221;]\n<h5><strong>Standardmaterial:<\/strong>Material: PMMA klar (Acryl)<br \/>\n<strong>Abmessungen:<\/strong> undenspezifisch kundenspezifische Zuschnitte Kantenprofilbearbeitung<br \/>\n<strong>Materialst\u00e4rke:<\/strong> Kundenspezifisch<br \/>\n<strong>Brechungsindex:<\/strong> 1,491 (PMMA)<br \/>\n<strong>Transmission:<\/strong> 92 % (Acryl klar)<br \/>\n<strong>Temperaturbereich:<\/strong> -40 \u00b0C up to +80 \u00b0C (Acryl)<\/h5>\n[\/mk_fancy_title][mk_padding_divider size=&#8221;8&#8243;][mk_fancy_title tag_name=&#8221;h5&#8243; color=&#8221;#000000&#8243; size=&#8221;20&#8243; line_height=&#8221;20&#8243; font_weight=&#8221;bolder&#8221; margin_bottom=&#8221;0&#8243; font_family=&#8221;none&#8221;]<b>Download<\/b>[\/mk_fancy_title][vc_row_inner attached=&#8221;true&#8221; is_fullwidth_content=&#8221;false&#8221;][vc_column_inner width=&#8221;2\/6&#8243;][mk_button dimension=&#8221;flat&#8221; corner_style=&#8221;full_rounded&#8221; size=&#8221;medium&#8221; url=&#8221;http:\/\/intertektrading.com\/wp-content\/uploads\/2019\/06\/4._customized_optics_d_a4.pdf&#8221; bg_color=&#8221;#3d7988&#8243; btn_hover_bg=&#8221;#3d7988&#8243; btn_hover_txt_color=&#8221;#ffffff&#8221;]DATENBLATT[\/mk_button][\/vc_column_inner][vc_column_inner width=&#8221;2\/6&#8243;][mk_button dimension=&#8221;flat&#8221; corner_style=&#8221;full_rounded&#8221; size=&#8221;medium&#8221; url=&#8221;mailto:sales@intertektrading.com&#8221; bg_color=&#8221;#94b292&#8243; btn_hover_bg=&#8221;#94b292&#8243; btn_hover_txt_color=&#8221;#ffffff&#8221;]KONTAKT[\/mk_button][\/vc_column_inner][vc_column_inner width=&#8221;1\/6&#8243;][\/vc_column_inner][vc_column_inner width=&#8221;1\/6&#8243;][\/vc_column_inner][\/vc_row_inner][\/vc_column][\/vc_row][vc_row][vc_column][mk_padding_divider size=&#8221;20&#8243;][\/vc_column][\/vc_row][vc_row][vc_column][mk_padding_divider size=&#8221;100&#8243;][\/vc_column][\/vc_row]\n<\/div>","protected":false},"excerpt":{"rendered":"<p>[vc_row attached=&#8221;true&#8221;][vc_column width=&#8221;4\/6&#8243;][mk_padding_divider size=&#8221;80&#8243;][vc_row_inner attached=&#8221;true&#8221; is_fullwidth_content=&#8221;false&#8221; column_padding=&#8221;-20&#8243; css=&#8221;.vc_custom_1550657812058{margin-right: -10px !important;}&#8221;][vc_column_inner css=&#8221;.vc_custom_1550657641205{margin-right: -30px !important;}&#8221;][mk_fancy_title tag_name=&#8221;span&#8221; color=&#8221;#021e3f&#8221; size=&#8221;24&#8243; font_weight=&#8221;400&#8243; txt_transform=&#8221;capitalize&#8221; margin_bottom=&#8221;0&#8243; font_family=&#8221;Roboto&#8221; font_type=&#8221;google&#8221;]Jungbecker \/ Hei\u00dfgepr\u00e4gte Lighting Guiding Plates[\/mk_fancy_title][\/vc_column_inner][\/vc_row_inner][\/vc_column][vc_column width=&#8221;2\/6&#8243;][\/vc_column][\/vc_row][vc_row][vc_column][mk_padding_divider size=&#8221;65&#8243;][\/vc_column][\/vc_row][vc_row][vc_column width=&#8221;1\/2&#8243;][mk_image src=&#8221;http:\/\/intertektrading.com\/de\/wp-content\/uploads\/2021\/03\/artboard-2-copy-55.png&#8221; image_size=&#8221;full&#8221;][mk_image src=&#8221;http:\/\/intertektrading.com\/de\/wp-content\/uploads\/2021\/03\/artboard-1.png&#8221; image_size=&#8221;full&#8221;][\/vc_column][vc_column width=&#8221;1\/2&#8243; css=&#8221;.vc_custom_1558088989556{margin-left: 0px !important;}&#8221;][mk_padding_divider size=&#8221;3&#8243;][mk_fancy_title tag_name=&#8221;h1&#8243; color=&#8221;#01b50a&#8221; size=&#8221;18&#8243; line_height=&#8221;20&#8243; font_weight=&#8221;bolder&#8221; margin_bottom=&#8221;0&#8243; font_family=&#8221;none&#8221;] Ma\u00dfgeschneiderte Edgelit-Technologie [\/mk_fancy_title][mk_padding_divider size=&#8221;8&#8243;][mk_fancy_title font_family=&#8221;none&#8221;] Die neue, weiterentwickelte Technologie der [&hellip;]<\/p>\n","protected":false},"author":1,"featured_media":0,"parent":0,"menu_order":0,"comment_status":"closed","ping_status":"closed","template":"","meta":{"footnotes":""},"class_list":["post-2021","page","type-page","status-publish","hentry"],"_links":{"self":[{"href":"https:\/\/intertektrading.com\/de\/wp-json\/wp\/v2\/pages\/2021"}],"collection":[{"href":"https:\/\/intertektrading.com\/de\/wp-json\/wp\/v2\/pages"}],"about":[{"href":"https:\/\/intertektrading.com\/de\/wp-json\/wp\/v2\/types\/page"}],"author":[{"embeddable":true,"href":"https:\/\/intertektrading.com\/de\/wp-json\/wp\/v2\/users\/1"}],"replies":[{"embeddable":true,"href":"https:\/\/intertektrading.com\/de\/wp-json\/wp\/v2\/comments?post=2021"}],"version-history":[{"count":16,"href":"https:\/\/intertektrading.com\/de\/wp-json\/wp\/v2\/pages\/2021\/revisions"}],"predecessor-version":[{"id":3812,"href":"https:\/\/intertektrading.com\/de\/wp-json\/wp\/v2\/pages\/2021\/revisions\/3812"}],"wp:attachment":[{"href":"https:\/\/intertektrading.com\/de\/wp-json\/wp\/v2\/media?parent=2021"}],"curies":[{"name":"wp","href":"https:\/\/api.w.org\/{rel}","templated":true}]}}