{"id":2033,"date":"2019-05-05T10:47:07","date_gmt":"2019-05-05T10:47:07","guid":{"rendered":"http:\/\/intertektrading.com\/de\/?page_id=2033"},"modified":"2025-04-07T15:05:09","modified_gmt":"2025-04-07T15:05:09","slug":"laser-engraved","status":"publish","type":"page","link":"https:\/\/intertektrading.com\/de\/optics\/lighting-guiding-plates\/laser-engraved","title":{"rendered":"Laser Engraved"},"content":{"rendered":"<div class=\"wpb-content-wrapper\">[vc_row attached=&#8221;true&#8221;][vc_column width=&#8221;4\/6&#8243;][mk_padding_divider size=&#8221;80&#8243;][vc_row_inner attached=&#8221;true&#8221; is_fullwidth_content=&#8221;false&#8221; column_padding=&#8221;-20&#8243; css=&#8221;.vc_custom_1550657812058{margin-right: -10px !important;}&#8221;][vc_column_inner css=&#8221;.vc_custom_1550657641205{margin-right: -30px !important;}&#8221;][mk_fancy_title tag_name=&#8221;span&#8221; color=&#8221;#021e3f&#8221; size=&#8221;24&#8243; font_weight=&#8221;400&#8243; txt_transform=&#8221;capitalize&#8221; margin_bottom=&#8221;0&#8243; font_family=&#8221;Roboto&#8221; font_type=&#8221;google&#8221;]<a href=\"http:\/\/intertektrading.com\/de\/optics\/sewon-products-partner\">Sewon<\/a> \/ <strong><em>Lasergravierte Light Guiding Plates<\/em><\/strong>[\/mk_fancy_title][\/vc_column_inner][\/vc_row_inner][\/vc_column][vc_column width=&#8221;2\/6&#8243;][\/vc_column][\/vc_row][vc_row][vc_column][mk_padding_divider size=&#8221;65&#8243;][\/vc_column][\/vc_row][vc_row][vc_column width=&#8221;1\/2&#8243;][mk_image src=&#8221;http:\/\/intertektrading.com\/de\/wp-content\/uploads\/2021\/02\/productpage_laserengraved.png&#8221; image_size=&#8221;full&#8221;][mk_image src=&#8221;http:\/\/intertektrading.com\/de\/wp-content\/uploads\/2021\/07\/screenshot-2021-07-12-at-09.55.11.png&#8221; image_size=&#8221;full&#8221; margin_bottom=&#8221;73&#8243;][\/vc_column][vc_column width=&#8221;1\/2&#8243; css=&#8221;.vc_custom_1558088971915{margin-left: 0px !important;}&#8221;][mk_padding_divider size=&#8221;3&#8243;][mk_fancy_title tag_name=&#8221;h5&#8243; color=&#8221;#01b50a&#8221; size=&#8221;18&#8243; line_height=&#8221;20&#8243; font_weight=&#8221;bolder&#8221; margin_bottom=&#8221;0&#8243; font_family=&#8221;none&#8221;]\n<h2>Kundenspezifisch Lasergravierte Light Guiding Plates<\/h2>\n[\/mk_fancy_title][mk_padding_divider size=&#8221;8&#8243;][mk_fancy_title font_family=&#8221;none&#8221;]\n<h5>Intertek Trading hat diese vielseitige Lichtleiterplatte in Zusammenarbeit mit unserem Partner SEWON entwickelt und hergestellt, um eine breite Palette ma\u00dfgeschneidert Light Guides f\u00fcr spezifische Anwendungen, in schneller Abwicklung und ohne Werkzeugkosten anbieten zu k\u00f6nnen. Das Grundmaterial ist PMMA mit einer lasergravierten und einer unstrukturierten Seite. Es sind Abmessungen von bis zu 2.200 x 1.250 mm m\u00f6glich, bei sehr hoher optimierter Lichtausbeute und homogener Lichtaustrittsfl\u00e4che. In Kombination mit den Reflektor Materialien von BrightWhite und den Mikroprismenplatten von Jungbecker ergeben sich zahlreiche M\u00f6glichkeiten zur Lichtlenkung, wie z.B. UGR entblendete, lambertsche oder andere Lichtverteilungen. Lasergravierte Light Guiding Plates (LGPs) bieten flexible L\u00f6sungen f\u00fcr Edgelit Anwendungen.<\/h5>\n[\/mk_fancy_title][mk_padding_divider size=&#8221;8&#8243;][mk_fancy_title tag_name=&#8221;h5&#8243; color=&#8221;#000000&#8243; size=&#8221;20&#8243; line_height=&#8221;20&#8243; font_weight=&#8221;bolder&#8221; margin_bottom=&#8221;0&#8243; font_family=&#8221;none&#8221;]<b>Anwendungen<\/b>[\/mk_fancy_title][mk_padding_divider size=&#8221;12&#8243;][mk_fancy_title font_family=&#8221;none&#8221;]\n<h5><strong>Verf\u00fcgbare Formen \/ Gr\u00f6\u00dfen:<\/strong> Lineares LGP, rechteckiges, quadratisches oder kreisf\u00f6rmiges Designs bis zu 2.200 x 1.250 mm<\/h5>\n<h5><strong>St\u00e4rke:<\/strong> 3 mm, 4 mm (weitere auf Anfrage)<\/h5>\n<h5><strong>Ma\u00dfe:<\/strong> bis zu 2.200 x 1.250 mm<\/h5>\n<h5><strong>Transmissionsgrad:<\/strong> 92% (Acryl, klar)<\/h5>\n<h5><strong>Effizienz:<\/strong> &gt; 80%<\/h5>\n[\/mk_fancy_title][mk_padding_divider size=&#8221;8&#8243;][mk_fancy_title tag_name=&#8221;h5&#8243; color=&#8221;#000000&#8243; size=&#8221;20&#8243; line_height=&#8221;20&#8243; font_weight=&#8221;bolder&#8221; margin_bottom=&#8221;0&#8243; font_family=&#8221;none&#8221;]<b>Download<\/b>[\/mk_fancy_title][vc_row_inner attached=&#8221;true&#8221; is_fullwidth_content=&#8221;false&#8221;][vc_column_inner width=&#8221;2\/6&#8243;][mk_button dimension=&#8221;flat&#8221; corner_style=&#8221;full_rounded&#8221; size=&#8221;medium&#8221; url=&#8221;http:\/\/intertektrading.com\/de\/download\/3574\/&#8221; bg_color=&#8221;#3d7988&#8243; btn_hover_bg=&#8221;#3d7988&#8243; btn_hover_txt_color=&#8221;#ffffff&#8221;]DATENBLATT[\/mk_button][\/vc_column_inner][vc_column_inner width=&#8221;2\/6&#8243;][mk_button dimension=&#8221;flat&#8221; corner_style=&#8221;full_rounded&#8221; size=&#8221;medium&#8221; url=&#8221;mailto:sales@intertektrading.com&#8221; bg_color=&#8221;#94b292&#8243; btn_hover_bg=&#8221;#94b292&#8243; btn_hover_txt_color=&#8221;#ffffff&#8221;]KONTAKT[\/mk_button][\/vc_column_inner][vc_column_inner width=&#8221;1\/6&#8243;][\/vc_column_inner][vc_column_inner width=&#8221;1\/6&#8243;][\/vc_column_inner][\/vc_row_inner][\/vc_column][\/vc_row][vc_row][vc_column][mk_padding_divider size=&#8221;20&#8243;][\/vc_column][\/vc_row][vc_row][vc_column][mk_padding_divider size=&#8221;100&#8243;][\/vc_column][\/vc_row]\n<\/div>","protected":false},"excerpt":{"rendered":"<p>[vc_row attached=&#8221;true&#8221;][vc_column width=&#8221;4\/6&#8243;][mk_padding_divider size=&#8221;80&#8243;][vc_row_inner attached=&#8221;true&#8221; is_fullwidth_content=&#8221;false&#8221; column_padding=&#8221;-20&#8243; css=&#8221;.vc_custom_1550657812058{margin-right: -10px !important;}&#8221;][vc_column_inner css=&#8221;.vc_custom_1550657641205{margin-right: -30px !important;}&#8221;][mk_fancy_title tag_name=&#8221;span&#8221; color=&#8221;#021e3f&#8221; size=&#8221;24&#8243; font_weight=&#8221;400&#8243; txt_transform=&#8221;capitalize&#8221; margin_bottom=&#8221;0&#8243; font_family=&#8221;Roboto&#8221; font_type=&#8221;google&#8221;]Sewon \/ Lasergravierte Light Guiding Plates[\/mk_fancy_title][\/vc_column_inner][\/vc_row_inner][\/vc_column][vc_column width=&#8221;2\/6&#8243;][\/vc_column][\/vc_row][vc_row][vc_column][mk_padding_divider size=&#8221;65&#8243;][\/vc_column][\/vc_row][vc_row][vc_column width=&#8221;1\/2&#8243;][mk_image src=&#8221;http:\/\/intertektrading.com\/de\/wp-content\/uploads\/2021\/02\/productpage_laserengraved.png&#8221; image_size=&#8221;full&#8221;][mk_image src=&#8221;http:\/\/intertektrading.com\/de\/wp-content\/uploads\/2021\/07\/screenshot-2021-07-12-at-09.55.11.png&#8221; image_size=&#8221;full&#8221; margin_bottom=&#8221;73&#8243;][\/vc_column][vc_column width=&#8221;1\/2&#8243; css=&#8221;.vc_custom_1558088971915{margin-left: 0px !important;}&#8221;][mk_padding_divider size=&#8221;3&#8243;][mk_fancy_title tag_name=&#8221;h5&#8243; color=&#8221;#01b50a&#8221; size=&#8221;18&#8243; line_height=&#8221;20&#8243; font_weight=&#8221;bolder&#8221; margin_bottom=&#8221;0&#8243; font_family=&#8221;none&#8221;] Kundenspezifisch Lasergravierte Light Guiding Plates [\/mk_fancy_title][mk_padding_divider size=&#8221;8&#8243;][mk_fancy_title font_family=&#8221;none&#8221;] Intertek [&hellip;]<\/p>\n","protected":false},"author":1,"featured_media":0,"parent":1249,"menu_order":0,"comment_status":"closed","ping_status":"closed","template":"","meta":{"footnotes":""},"class_list":["post-2033","page","type-page","status-publish","hentry"],"_links":{"self":[{"href":"https:\/\/intertektrading.com\/de\/wp-json\/wp\/v2\/pages\/2033"}],"collection":[{"href":"https:\/\/intertektrading.com\/de\/wp-json\/wp\/v2\/pages"}],"about":[{"href":"https:\/\/intertektrading.com\/de\/wp-json\/wp\/v2\/types\/page"}],"author":[{"embeddable":true,"href":"https:\/\/intertektrading.com\/de\/wp-json\/wp\/v2\/users\/1"}],"replies":[{"embeddable":true,"href":"https:\/\/intertektrading.com\/de\/wp-json\/wp\/v2\/comments?post=2033"}],"version-history":[{"count":22,"href":"https:\/\/intertektrading.com\/de\/wp-json\/wp\/v2\/pages\/2033\/revisions"}],"predecessor-version":[{"id":3811,"href":"https:\/\/intertektrading.com\/de\/wp-json\/wp\/v2\/pages\/2033\/revisions\/3811"}],"up":[{"embeddable":true,"href":"https:\/\/intertektrading.com\/de\/wp-json\/wp\/v2\/pages\/1249"}],"wp:attachment":[{"href":"https:\/\/intertektrading.com\/de\/wp-json\/wp\/v2\/media?parent=2033"}],"curies":[{"name":"wp","href":"https:\/\/api.w.org\/{rel}","templated":true}]}}