{"id":3428,"date":"2021-03-09T16:43:09","date_gmt":"2021-03-09T16:43:09","guid":{"rendered":"http:\/\/intertektrading.com\/de\/?page_id=3428"},"modified":"2025-04-07T15:03:18","modified_gmt":"2025-04-07T15:03:18","slug":"jungbecker-express","status":"publish","type":"page","link":"https:\/\/intertektrading.com\/de\/jungbecker-express","title":{"rendered":"Jungbecker ExPress"},"content":{"rendered":"<div class=\"wpb-content-wrapper\">[vc_row attached=&#8221;true&#8221;][vc_column width=&#8221;4\/6&#8243;][mk_padding_divider size=&#8221;80&#8243;][vc_row_inner attached=&#8221;true&#8221; is_fullwidth_content=&#8221;false&#8221; column_padding=&#8221;-20&#8243; css=&#8221;.vc_custom_1550657812058{margin-right: -10px !important;}&#8221;][vc_column_inner css=&#8221;.vc_custom_1550657641205{margin-right: -30px !important;}&#8221;][mk_fancy_title tag_name=&#8221;span&#8221; color=&#8221;#021e3f&#8221; size=&#8221;24&#8243; font_weight=&#8221;400&#8243; txt_transform=&#8221;capitalize&#8221; margin_bottom=&#8221;0&#8243; font_family=&#8221;Roboto&#8221; font_type=&#8221;google&#8221;]\n<div><a href=\"https:\/\/intertektrading.com\/optics\/jungbecker-products-partner\">Jungbecker<\/a> \/ <strong><em>exPress Mikrostrukturen<\/em><\/strong><\/div>\n[\/mk_fancy_title][\/vc_column_inner][\/vc_row_inner][\/vc_column][vc_column width=&#8221;2\/6&#8243;][\/vc_column][\/vc_row][vc_row][vc_column][mk_padding_divider size=&#8221;65&#8243;][\/vc_column][\/vc_row][vc_row][vc_column width=&#8221;1\/2&#8243;][mk_image src=&#8221;http:\/\/intertektrading.com\/de\/wp-content\/uploads\/2023\/06\/microstructers-main-image-1.png&#8221; image_size=&#8221;full&#8221;][mk_image src=&#8221;https:\/\/intertektrading.com\/wp-content\/uploads\/2021\/02\/artboard-2-copy-63.png&#8221; image_size=&#8221;full&#8221;][\/vc_column][vc_column width=&#8221;1\/2&#8243; css=&#8221;.vc_custom_1558088866018{margin-left: 0px !important;}&#8221;][mk_padding_divider size=&#8221;3&#8243;][mk_fancy_title tag_name=&#8221;h1&#8243; color=&#8221;#01b50a&#8221; size=&#8221;18&#8243; line_height=&#8221;20&#8243; font_weight=&#8221;bolder&#8221; margin_bottom=&#8221;0&#8243; font_family=&#8221;none&#8221;]\n<h1>exPress Mikrostrukturen<\/h1>\n[\/mk_fancy_title][mk_fancy_title color=&#8221;#01b50a&#8221; size=&#8221;18&#8243; line_height=&#8221;20&#8243; font_weight=&#8221;bolder&#8221; margin_bottom=&#8221;0&#8243; font_family=&#8221;none&#8221;]\n<h2>Extrusions-Profile microCDP \/ CDP<\/h2>\n[\/mk_fancy_title][mk_padding_divider size=&#8221;30&#8243;][mk_fancy_title font_family=&#8221;none&#8221;]\n<h5 class=\"p1\">Unsere exPress-Technologie basiert auf der bekannten Hei\u00dfpr\u00e4ge Fertigungstechnologie. Die exPress-Technologie bietet die Kombination aus extrudierten Profilgeometrien und einzigartiger Pr\u00e4zision f\u00fcr eine hervorragende Entblendungsleistung. Der aufwendige Ansatz des Einschiebens von Folien oder Mikrostrukturen zur Lichtsteuerung kann durch ein einziges Produkt ersetzt werden.<\/h5>\n<h5 class=\"p1\">Die exPress-Technologie bietet die Kombination von extrudierten Profilgeometrien und hochpr\u00e4zisen Mikrostrukturen f\u00fcr eine hervorragende Entblendungsleistung.<\/h5>\n<h5 class=\"p1\">Verschiedene Strukturtypen verf\u00fcgbar<\/h5>\n[\/mk_fancy_title][mk_padding_divider size=&#8221;8&#8243;][mk_fancy_title tag_name=&#8221;h5&#8243; color=&#8221;#000000&#8243; size=&#8221;20&#8243; line_height=&#8221;20&#8243; font_weight=&#8221;bolder&#8221; margin_bottom=&#8221;0&#8243; font_family=&#8221;none&#8221;]<b>Anwendung\u00a0<\/b>[\/mk_fancy_title][mk_padding_divider size=&#8221;12&#8243;][mk_fancy_title font_family=&#8221;none&#8221;]\n<ul class=\"ul1\">\n<li class=\"li1\">\n<h5>Hochtransparente mikrostrukturierte Profile<\/h5>\n<\/li>\n<li class=\"li1\">\n<h5>H\u00f6chstm\u00f6gliche Effizienz<\/h5>\n<\/li>\n<li class=\"li1\">\n<h5>Beste Entblendung f\u00fcr Beleuchtungsanwendungen mit UGR &lt; 19<\/h5>\n<\/li>\n<li>\n<h5>All-in-one L\u00f6sung<\/h5>\n<\/li>\n<\/ul>\n[\/mk_fancy_title][mk_padding_divider size=&#8221;8&#8243;][mk_fancy_title tag_name=&#8221;h5&#8243; color=&#8221;#000000&#8243; size=&#8221;20&#8243; line_height=&#8221;20&#8243; font_weight=&#8221;bolder&#8221; margin_bottom=&#8221;0&#8243; font_family=&#8221;none&#8221;]<b>Download<\/b>[\/mk_fancy_title][mk_button dimension=&#8221;flat&#8221; corner_style=&#8221;full_rounded&#8221; size=&#8221;medium&#8221; url=&#8221;http:\/\/intertektrading.com\/de\/download\/3535\/&#8221; bg_color=&#8221;#3d7988&#8243; btn_hover_bg=&#8221;#3d7988&#8243; btn_hover_txt_color=&#8221;#ffffff&#8221;]DATENBLATT[\/mk_button][mk_button dimension=&#8221;flat&#8221; corner_style=&#8221;full_rounded&#8221; size=&#8221;medium&#8221; url=&#8221;mailto:info@intertektrading.com&#8221; bg_color=&#8221;#94b292&#8243; btn_hover_bg=&#8221;#94b292&#8243; btn_hover_txt_color=&#8221;#ffffff&#8221;]MUSTER[\/mk_button][\/vc_column][\/vc_row][vc_row][vc_column][mk_padding_divider size=&#8221;20&#8243;][\/vc_column][\/vc_row][vc_row][vc_column][mk_padding_divider size=&#8221;100&#8243;][\/vc_column][\/vc_row][mk_page_section bg_color=&#8221;#3d7988&#8243; has_bottom_shape_divider=&#8221;true&#8221; bottom_shape_color=&#8221;#021e3f&#8221; sidebar=&#8221;sidebar-1&#8243;][vc_column][mk_padding_divider size=&#8221;100&#8243;][mk_fancy_title tag_name=&#8221;h3&#8243; color=&#8221;#ffffff&#8221; size=&#8221;40&#8243; font_weight=&#8221;500&#8243; margin_bottom=&#8221;0&#8243; font_family=&#8221;Roboto&#8221; font_type=&#8221;google&#8221; align=&#8221;center&#8221;]\n<div>Key features<\/div>\n<p>\u200b[\/mk_fancy_title][vc_row_inner][vc_column_inner width=&#8221;1\/3&#8243;][vc_single_image image=&#8221;1011&#8243; alignment=&#8221;center&#8221; css=&#8221;.vc_custom_1551175885768{margin-bottom: 0px !important;}&#8221;][mk_fancy_title tag_name=&#8221;h3&#8243; color=&#8221;#ffffff&#8221; size=&#8221;17&#8243; font_weight=&#8221;400&#8243; margin_bottom=&#8221;0&#8243; font_family=&#8221;Roboto&#8221; font_type=&#8221;google&#8221; align=&#8221;center&#8221;]\n<div>Hochpr\u00e4zises transparentes mikrostrukturiertes Profil, geringer Materialeinsatz, All-in-one L\u00f6sung<\/div>\n<p>\u200b[\/mk_fancy_title][\/vc_column_inner][vc_column_inner width=&#8221;1\/3&#8243;][vc_column_text css=&#8221;.vc_custom_1686130659253{margin-bottom: 0px !important;}&#8221;]\n<h5 style=\"color: #ffffff; text-align: center; margin-top: 30px; margin-bottom: 41px; font-size: 30px;\">Hohe Entblendungsleistung<\/h5>\n[\/vc_column_text][mk_fancy_title tag_name=&#8221;h3&#8243; color=&#8221;#ffffff&#8221; size=&#8221;17&#8243; font_weight=&#8221;400&#8243; margin_bottom=&#8221;0&#8243; font_family=&#8221;Roboto&#8221; font_type=&#8221;google&#8221; align=&#8221;center&#8221;]\n<div><\/div>\n<div>Unterdr\u00fcckt Licht in Winkelbereichen \u00fcber 65 Grad, um die visuelle Blendung zu reduzieren, w\u00e4hrend die Lichtintensit\u00e4t auf der Hauptachse erh\u00f6ht wird. Erm\u00f6glicht die Einhaltung der Blendungsspezifikationen nach EN12464 durch die Leuchten<\/div>\n<p>\u200b[\/mk_fancy_title][\/vc_column_inner][vc_column_inner width=&#8221;1\/3&#8243;][vc_single_image image=&#8221;744&#8243; alignment=&#8221;center&#8221; css=&#8221;.vc_custom_1550677126781{margin-bottom: 0px !important;}&#8221;][mk_fancy_title tag_name=&#8221;h3&#8243; color=&#8221;#ffffff&#8221; size=&#8221;17&#8243; font_weight=&#8221;400&#8243; margin_bottom=&#8221;0&#8243; font_family=&#8221;Roboto&#8221; font_type=&#8221;google&#8221; align=&#8221;center&#8221;]\n<div>Kundenspezifische Profill\u00e4nge bis zu 4500mm, Trennlinie alle 1500mm<\/div>\n<p>\u200b[\/mk_fancy_title][\/vc_column_inner][\/vc_row_inner][mk_padding_divider size=&#8221;100&#8243;][\/vc_column][\/mk_page_section]\n<\/div>","protected":false},"excerpt":{"rendered":"<p>[vc_row attached=&#8221;true&#8221;][vc_column width=&#8221;4\/6&#8243;][mk_padding_divider size=&#8221;80&#8243;][vc_row_inner attached=&#8221;true&#8221; is_fullwidth_content=&#8221;false&#8221; column_padding=&#8221;-20&#8243; css=&#8221;.vc_custom_1550657812058{margin-right: -10px !important;}&#8221;][vc_column_inner css=&#8221;.vc_custom_1550657641205{margin-right: -30px !important;}&#8221;][mk_fancy_title tag_name=&#8221;span&#8221; color=&#8221;#021e3f&#8221; size=&#8221;24&#8243; font_weight=&#8221;400&#8243; txt_transform=&#8221;capitalize&#8221; margin_bottom=&#8221;0&#8243; font_family=&#8221;Roboto&#8221; font_type=&#8221;google&#8221;] Jungbecker \/ exPress Mikrostrukturen [\/mk_fancy_title][\/vc_column_inner][\/vc_row_inner][\/vc_column][vc_column width=&#8221;2\/6&#8243;][\/vc_column][\/vc_row][vc_row][vc_column][mk_padding_divider size=&#8221;65&#8243;][\/vc_column][\/vc_row][vc_row][vc_column width=&#8221;1\/2&#8243;][mk_image src=&#8221;http:\/\/intertektrading.com\/de\/wp-content\/uploads\/2023\/06\/microstructers-main-image-1.png&#8221; image_size=&#8221;full&#8221;][mk_image src=&#8221;https:\/\/intertektrading.com\/wp-content\/uploads\/2021\/02\/artboard-2-copy-63.png&#8221; image_size=&#8221;full&#8221;][\/vc_column][vc_column width=&#8221;1\/2&#8243; css=&#8221;.vc_custom_1558088866018{margin-left: 0px !important;}&#8221;][mk_padding_divider size=&#8221;3&#8243;][mk_fancy_title tag_name=&#8221;h1&#8243; color=&#8221;#01b50a&#8221; size=&#8221;18&#8243; line_height=&#8221;20&#8243; font_weight=&#8221;bolder&#8221; margin_bottom=&#8221;0&#8243; font_family=&#8221;none&#8221;] exPress Mikrostrukturen [\/mk_fancy_title][mk_fancy_title color=&#8221;#01b50a&#8221; size=&#8221;18&#8243; line_height=&#8221;20&#8243; font_weight=&#8221;bolder&#8221; margin_bottom=&#8221;0&#8243; font_family=&#8221;none&#8221;] Extrusions-Profile [&hellip;]<\/p>\n","protected":false},"author":1,"featured_media":0,"parent":0,"menu_order":0,"comment_status":"closed","ping_status":"closed","template":"","meta":{"footnotes":""},"class_list":["post-3428","page","type-page","status-publish","hentry"],"_links":{"self":[{"href":"https:\/\/intertektrading.com\/de\/wp-json\/wp\/v2\/pages\/3428"}],"collection":[{"href":"https:\/\/intertektrading.com\/de\/wp-json\/wp\/v2\/pages"}],"about":[{"href":"https:\/\/intertektrading.com\/de\/wp-json\/wp\/v2\/types\/page"}],"author":[{"embeddable":true,"href":"https:\/\/intertektrading.com\/de\/wp-json\/wp\/v2\/users\/1"}],"replies":[{"embeddable":true,"href":"https:\/\/intertektrading.com\/de\/wp-json\/wp\/v2\/comments?post=3428"}],"version-history":[{"count":22,"href":"https:\/\/intertektrading.com\/de\/wp-json\/wp\/v2\/pages\/3428\/revisions"}],"predecessor-version":[{"id":3807,"href":"https:\/\/intertektrading.com\/de\/wp-json\/wp\/v2\/pages\/3428\/revisions\/3807"}],"wp:attachment":[{"href":"https:\/\/intertektrading.com\/de\/wp-json\/wp\/v2\/media?parent=3428"}],"curies":[{"name":"wp","href":"https:\/\/api.w.org\/{rel}","templated":true}]}}