{"id":665,"date":"2019-02-13T14:57:55","date_gmt":"2019-02-13T14:57:55","guid":{"rendered":"http:\/\/intertektrading.com\/de\/?page_id=665"},"modified":"2024-12-12T08:40:53","modified_gmt":"2024-12-12T08:40:53","slug":"interktek-trading-optics-and-lighting-2","status":"publish","type":"page","link":"https:\/\/intertektrading.com\/de\/","title":{"rendered":"Homepage"},"content":{"rendered":"<div class=\"wpb-content-wrapper\">[vc_row fullwidth=&#8221;true&#8221;][vc_column][mk_edge_slider first_el=&#8221;true&#8221; animation_speed=&#8221;500&#8243; slideshow_speed=&#8221;5000&#8243; direction_nav=&#8221;none&#8221; skip_arrow=&#8221;false&#8221; disable_lazyload=&#8221;true&#8221; slides=&#8221;3347, 3351, 3359, 3361, 3363&#8243;][vc_raw_html css=&#8221;.vc_custom_1613723635656{padding-top: 75px !important;padding-right: 75px !important;padding-bottom: 75px !important;padding-left: 75px !important;}&#8221;][\/vc_raw_html][\/vc_column][\/vc_row][vc_row][vc_column][mk_fancy_title color=&#8221;#021e3f&#8221; size=&#8221;33&#8243; line_height=&#8221;50&#8243; font_weight=&#8221;500&#8243; txt_transform=&#8221;capitalize&#8221; margin_bottom=&#8221;0&#8243; font_family=&#8221;Roboto&#8221; font_type=&#8221;google&#8221; align=&#8221;center&#8221;]\n<p class=\"p1\"><span class=\"s1\">Was Wir Anbieten<\/span><\/p>\n[\/mk_fancy_title][\/vc_column][\/vc_row][vc_row][vc_column][mk_padding_divider size=&#8221;70&#8243;][\/vc_column][\/vc_row][vc_row attached=&#8221;true&#8221;][vc_column width=&#8221;1\/6&#8243;][\/vc_column][vc_column width=&#8221;2\/6&#8243;][mk_custom_box padding_vertical=&#8221;10&#8243; padding_horizental=&#8221;40&#8243; bg_color=&#8221;rgba(237,70,34,0)&#8221; background_hov_color_style=&#8221;image&#8221; overlay_color=&#8221;#ffffff&#8221; bg_hov_color=&#8221;#ffffff&#8221; bg_stretch=&#8221;false&#8221;][mk_image src=&#8221;http:\/\/intertektrading.com\/de\/wp-content\/uploads\/2019\/02\/artboard-copy.svg&#8221; image_size=&#8221;full&#8221; svg=&#8221;true&#8221; target=&#8221;_blank&#8221; align=&#8221;center&#8221; margin_bottom=&#8221;30&#8243;][mk_fancy_title color=&#8221;#021e3f&#8221; size=&#8221;20&#8243; font_weight=&#8221;bold&#8221; txt_transform=&#8221;none&#8221; margin_bottom=&#8221;0&#8243; font_family=&#8221;Roboto&#8221; font_type=&#8221;google&#8221; align=&#8221;center&#8221;]\n<h2>Optik &amp; Erg\u00e4nzende Produkte<\/h2>\n[\/mk_fancy_title][mk_padding_divider size=&#8221;5&#8243;][mk_fancy_title tag_name=&#8221;h3&#8243; color=&#8221;#021e3f&#8221; size=&#8221;24&#8243; margin_bottom=&#8221;0&#8243; font_family=&#8221;Roboto&#8221; font_type=&#8221;google&#8221; align=&#8221;center&#8221;]\n<h5>Wir bieten hochwertige Optiken sowie erg\u00e4nzende Produkte f\u00fcr Ihre Beleuchtungsl\u00f6sung. Unser Angebot besteht aus einer gro\u00dfen Auswahl an Produkten, von Entblendungsprismatiken \u00fcber Diffusorfolien bis hin zu Light Guiding Plates, Reflektoren und extrudierte Profilen\u2013 unsere Partner bieten die besten Produkte.<\/h5>\n[\/mk_fancy_title][mk_padding_divider size=&#8221;30&#8243;][vc_row_inner][vc_column_inner width=&#8221;1\/2&#8243;][mk_fancy_title tag_name=&#8221;h4&#8243; color=&#8221;#3d7988&#8243; size=&#8221;15&#8243; font_weight=&#8221;500&#8243; font_style=&#8221;normal&#8221; txt_transform=&#8221;none&#8221; font_family=&#8221;none&#8221; align=&#8221;center&#8221;]<a href=\"http:\/\/intertektrading.com\/de\/optik\/jungbecker-produkte\">JUNGBECKER<\/a>[\/mk_fancy_title][mk_fancy_title tag_name=&#8221;h4&#8243; color=&#8221;#3d7988&#8243; size=&#8221;15&#8243; font_weight=&#8221;500&#8243; font_style=&#8221;normal&#8221; txt_transform=&#8221;none&#8221; font_family=&#8221;none&#8221; align=&#8221;center&#8221;]<a href=\"http:\/\/intertektrading.com\/de\/optik\/brightview-produkte\">BRIGHTVIEW<\/a>[\/mk_fancy_title][mk_fancy_title tag_name=&#8221;h4&#8243; color=&#8221;#3d7988&#8243; size=&#8221;15&#8243; font_weight=&#8221;500&#8243; font_style=&#8221;normal&#8221; txt_transform=&#8221;none&#8221; font_family=&#8221;none&#8221; align=&#8221;center&#8221;]<a href=\"https:\/\/www.elkamet.com\/de\/produkte\/kunststoffprofile\">ELKAMET<\/a>[\/mk_fancy_title][\/vc_column_inner][vc_column_inner width=&#8221;1\/2&#8243;][mk_fancy_title tag_name=&#8221;h4&#8243; color=&#8221;#3d7988&#8243; size=&#8221;15&#8243; font_weight=&#8221;500&#8243; font_style=&#8221;normal&#8221; txt_transform=&#8221;none&#8221; font_family=&#8221;none&#8221; align=&#8221;center&#8221;]<a href=\"http:\/\/intertektrading.com\/de\/optik\/sewon-produkte\">SEWON<\/a>[\/mk_fancy_title][mk_fancy_title tag_name=&#8221;h4&#8243; color=&#8221;#3d7988&#8243; size=&#8221;15&#8243; font_weight=&#8221;500&#8243; font_style=&#8221;normal&#8221; txt_transform=&#8221;none&#8221; font_family=&#8221;none&#8221; align=&#8221;center&#8221;]<a href=\"http:\/\/intertektrading.com\/de\/alpeurope\">A.L.P. EUROPE<\/a><\/p>\n<div id=\"gtx-trans\" style=\"position: absolute; left: 61px; top: -10px;\">\n<div class=\"gtx-trans-icon\"><\/div>\n<\/div>\n[\/mk_fancy_title][\/vc_column_inner][\/vc_row_inner][\/mk_custom_box][\/vc_column][vc_column width=&#8221;2\/6&#8243;][mk_custom_box padding_vertical=&#8221;10&#8243; padding_horizental=&#8221;60&#8243; bg_color=&#8221;rgba(237,70,34,0)&#8221; background_hov_color_style=&#8221;image&#8221; overlay_color=&#8221;#ffffff&#8221; bg_hov_color=&#8221;#ffffff&#8221; bg_stretch=&#8221;false&#8221;][mk_image src=&#8221;http:\/\/intertektrading.com\/de\/wp-content\/uploads\/2019\/02\/artboard.svg&#8221; image_size=&#8221;full&#8221; svg=&#8221;true&#8221; target=&#8221;_blank&#8221; align=&#8221;center&#8221; margin_bottom=&#8221;30&#8243;][mk_fancy_title color=&#8221;#021e3f&#8221; size=&#8221;20&#8243; font_weight=&#8221;bold&#8221; txt_transform=&#8221;none&#8221; margin_bottom=&#8221;0&#8243; font_family=&#8221;Roboto&#8221; font_type=&#8221;google&#8221; align=&#8221;center&#8221;]\n<h2>Kundenspezifische Dienstleistungen<\/h2>\n[\/mk_fancy_title][mk_padding_divider size=&#8221;5&#8243;][mk_fancy_title tag_name=&#8221;h5&#8243; color=&#8221;#021e3f&#8221; size=&#8221;24&#8243; margin_bottom=&#8221;0&#8243; font_family=&#8221;Roboto&#8221; font_type=&#8221;google&#8221; align=&#8221;center&#8221;]\n<h5>Haben Sie Interesse an kundenspezifischen Entwicklungsdienstleistungen f\u00fcr Ihre Optik?<\/h5>\n[\/mk_fancy_title][mk_padding_divider size=&#8221;45&#8243;][mk_button dimension=&#8221;flat&#8221; corner_style=&#8221;full_rounded&#8221; size=&#8221;medium&#8221; url=&#8221;https:\/\/intertektrading.com\/de\/dienstleistungen&#8221; align=&#8221;center&#8221; bg_color=&#8221;#3d7988&#8243;]ERFAHREN SIE MEHR<br \/>\n[\/mk_button][\/mk_custom_box][\/vc_column][vc_column width=&#8221;1\/6&#8243;][\/vc_column][\/vc_row][vc_row][vc_column][mk_padding_divider size=&#8221;110&#8243;][\/vc_column][\/vc_row][vc_row fullwidth=&#8221;true&#8221; css=&#8221;.vc_custom_1613980154088{background-color: #ebecea !important;}&#8221;][vc_column width=&#8221;1\/6&#8243;][\/vc_column][vc_column width=&#8221;4\/6&#8243;][mk_image src=&#8221;http:\/\/intertektrading.com\/de\/wp-content\/uploads\/2021\/02\/itt_exclusiv_jb.svg&#8221; image_size=&#8221;full&#8221; svg=&#8221;true&#8221; align=&#8221;center&#8221;][\/vc_column][vc_column width=&#8221;1\/6&#8243;][\/vc_column][\/vc_row][mk_page_section bg_color=&#8221;#021e3f&#8221; bottom_shape_color=&#8221;#ffffff&#8221; bottom_shape_bg_color=&#8221;#1e73be&#8221; sidebar=&#8221;sidebar-1&#8243;][vc_column][vc_row_inner attached=&#8221;true&#8221;][vc_column_inner width=&#8221;2\/3&#8243;][mk_padding_divider size=&#8221;80&#8243;][mk_fancy_title tag_name=&#8221;h4&#8243; color=&#8221;#ffffff&#8221; size=&#8221;40&#8243; font_weight=&#8221;400&#8243; font_family=&#8221;none&#8221;]\n<div>Inter Tek Trading<\/div>\n[\/mk_fancy_title][mk_fancy_title tag_name=&#8221;h4&#8243; color=&#8221;#ffffff&#8221; size=&#8221;22&#8243; font_weight=&#8221;bold&#8221; font_family=&#8221;none&#8221;]\n<p style=\"color: #ffffff;\">Premium-Lichtl\u00f6sungen und Zubeh\u00f6r, alle Komponente aus einer Hand<\/p>\n[\/mk_fancy_title][mk_fancy_title tag_name=&#8221;h4&#8243; color=&#8221;#ffffff&#8221; size=&#8221;22&#8243; font_weight=&#8221;bold&#8221; font_family=&#8221;none&#8221;]\n<h5 style=\"color: #ffffff;\">Nebst unserer exklusiven Partnerschaft mit Jungbecker f\u00fcr die Herstellung von hochpr\u00e4zisen Mikrostrukturen und Optiken bieten wir eine breite Palette von hochwertigen Komplement\u00e4rprodukten zur Lichtbild Homogenisierung, Entblendung und LGP-Edgelit Anwendungen von unseren renommierten Partnern A.L.P. Europe, Brightview, Sewon und Elkamet an.<\/h5>\n<h5 style=\"color: #ffffff;\">Durch unser breites Knowhow im Gebiet der Optik und Lichttechnik ergeben sich Synergien f\u00fcr neue kombinierte L\u00f6sungen unter Ber\u00fccksichtigung der Anforderungen an optimale Funktion und Effizienz, Qualit\u00e4t, Materialeigenschaften und Preis.<\/h5>\n[\/mk_fancy_title][mk_padding_divider size=&#8221;30&#8243;][\/vc_column_inner][vc_column_inner width=&#8221;1\/3&#8243;][\/vc_column_inner][\/vc_row_inner][vc_row_inner][vc_column_inner width=&#8221;1\/4&#8243;][mk_fancy_title tag_name=&#8221;h4&#8243; color=&#8221;#ffffff&#8221; size=&#8221;18&#8243; font_weight=&#8221;500&#8243; font_family=&#8221;none&#8221;]\n<div>\u2713 Lichtqualtit\u00e4t<\/div>\n[\/mk_fancy_title][\/vc_column_inner][vc_column_inner width=&#8221;1\/4&#8243;][mk_fancy_title tag_name=&#8221;h4&#8243; color=&#8221;#ffffff&#8221; size=&#8221;18&#8243; font_weight=&#8221;500&#8243; font_family=&#8221;none&#8221;]\n<div>\u2713 Leuchtenwirkungsgrad<\/div>\n[\/mk_fancy_title][\/vc_column_inner][vc_column_inner width=&#8221;1\/4&#8243;][mk_fancy_title tag_name=&#8221;h4&#8243; color=&#8221;#ffffff&#8221; size=&#8221;18&#8243; font_weight=&#8221;500&#8243; font_family=&#8221;none&#8221;]\n<div>\u2713 Lichtverteilung<\/div>\n[\/mk_fancy_title][\/vc_column_inner][vc_column_inner width=&#8221;1\/4&#8243;][mk_fancy_title tag_name=&#8221;h4&#8243; color=&#8221;#ffffff&#8221; size=&#8221;18&#8243; font_weight=&#8221;500&#8243; font_family=&#8221;none&#8221;]\n<div>\u2713Leuchten Optimierung<\/div>\n[\/mk_fancy_title][\/vc_column_inner][\/vc_row_inner][\/vc_column][\/mk_page_section][mk_page_section bg_image=&#8221;http:\/\/intertektrading.com\/de\/wp-content\/uploads\/2019\/02\/imgs2x.jpg&#8221; bg_position=&#8221;center center&#8221; bg_repeat=&#8221;no-repeat&#8221; bg_stretch=&#8221;true&#8221; video_opacity=&#8221;0.9&#8243; min_height=&#8221;0&#8243; padding_top=&#8221;60&#8243; padding_bottom=&#8221;90&#8243; has_top_shape_divider=&#8221;true&#8221; top_shape_color=&#8221;#021e3f&#8221; top_shape_bg_color=&#8221;rgba(0,0,0,0.01)&#8221; has_bottom_shape_divider=&#8221;true&#8221; bottom_shape_color=&#8221;#ffffff&#8221; bottom_shape_bg_color=&#8221;rgba(255,255,255,0.01)&#8221; sidebar=&#8221;sidebar-1&#8243;][vc_column][mk_fancy_title color=&#8221;#ffffff&#8221; size=&#8221;40&#8243; force_font_size=&#8221;true&#8221; size_phone=&#8221;30&#8243; font_weight=&#8221;400&#8243; txt_transform=&#8221;capitalize&#8221; margin_bottom=&#8221;0&#8243; font_family=&#8221;none&#8221; align=&#8221;center&#8221;]\n<p style=\"color: #ffffff;\">Partner<\/p>\n[\/mk_fancy_title][mk_divider style=&#8221;thin_solid&#8221; divider_width=&#8221;custom_width&#8221; custom_width=&#8221;77&#8243; thin_single_color=&#8221;#ffffff&#8221; thickness=&#8221;3&#8243; margin_top=&#8221;10&#8243; margin_bottom=&#8221;60&#8243;][mk_clients style=&#8221;column&#8221; column=&#8221;4&#8243; count=&#8221;5&#8243; height=&#8221;160&#8243; target=&#8221;_blank&#8221; margin_bottom=&#8221;10&#8243;][\/vc_column][\/mk_page_section][vc_row][vc_column][mk_padding_divider size=&#8221;60&#8243;][\/vc_column][\/vc_row][vc_row][vc_column][mk_fancy_title color=&#8221;#021e3f&#8221; size=&#8221;33&#8243; force_font_size=&#8221;true&#8221; size_tablet=&#8221;30&#8243; size_phone=&#8221;30&#8243; font_weight=&#8221;500&#8243; txt_transform=&#8221;none&#8221; margin_bottom=&#8221;0&#8243; font_family=&#8221;Roboto&#8221; font_type=&#8221;google&#8221; responsive_align=&#8221;left&#8221;]Planen Sie ein Projekt?[\/mk_fancy_title][mk_fancy_title tag_name=&#8221;h5&#8243; color=&#8221;#021e3f&#8221; size=&#8221;24&#8243; margin_bottom=&#8221;0&#8243; font_family=&#8221;Roboto&#8221; font_type=&#8221;google&#8221;]\n<h5>Wir bieten kompetente Unterst\u00fctzung f\u00fcr Konzeptstudien und Entwicklungsprojekte.<\/h5>\n[\/mk_fancy_title][mk_button dimension=&#8221;flat&#8221; corner_style=&#8221;full_rounded&#8221; size=&#8221;medium&#8221; url=&#8221;mailto:sales@intertektrading.com&#8221; bg_color=&#8221;#3d7988&#8243; btn_hover_txt_color=&#8221;#ffffff&#8221;]KONTAKT[\/mk_button][\/vc_column][\/vc_row][vc_row][vc_column][mk_padding_divider size=&#8221;80&#8243;][\/vc_column][\/vc_row]\n<\/div>","protected":false},"excerpt":{"rendered":"<p>[vc_row fullwidth=&#8221;true&#8221;][vc_column][mk_edge_slider first_el=&#8221;true&#8221; animation_speed=&#8221;500&#8243; slideshow_speed=&#8221;5000&#8243; direction_nav=&#8221;none&#8221; skip_arrow=&#8221;false&#8221; disable_lazyload=&#8221;true&#8221; slides=&#8221;3347, 3351, 3359, 3361, 3363&#8243;][vc_raw_html css=&#8221;.vc_custom_1613723635656{padding-top: 75px !important;padding-right: 75px !important;padding-bottom: 75px !important;padding-left: 75px !important;}&#8221;][\/vc_raw_html][\/vc_column][\/vc_row][vc_row][vc_column][mk_fancy_title color=&#8221;#021e3f&#8221; size=&#8221;33&#8243; line_height=&#8221;50&#8243; font_weight=&#8221;500&#8243; txt_transform=&#8221;capitalize&#8221; margin_bottom=&#8221;0&#8243; font_family=&#8221;Roboto&#8221; font_type=&#8221;google&#8221; align=&#8221;center&#8221;] Was Wir Anbieten [\/mk_fancy_title][\/vc_column][\/vc_row][vc_row][vc_column][mk_padding_divider size=&#8221;70&#8243;][\/vc_column][\/vc_row][vc_row attached=&#8221;true&#8221;][vc_column width=&#8221;1\/6&#8243;][\/vc_column][vc_column width=&#8221;2\/6&#8243;][mk_custom_box padding_vertical=&#8221;10&#8243; padding_horizental=&#8221;40&#8243; bg_color=&#8221;rgba(237,70,34,0)&#8221; background_hov_color_style=&#8221;image&#8221; overlay_color=&#8221;#ffffff&#8221; bg_hov_color=&#8221;#ffffff&#8221; bg_stretch=&#8221;false&#8221;][mk_image src=&#8221;http:\/\/intertektrading.com\/de\/wp-content\/uploads\/2019\/02\/artboard-copy.svg&#8221; image_size=&#8221;full&#8221; svg=&#8221;true&#8221; target=&#8221;_blank&#8221; align=&#8221;center&#8221; margin_bottom=&#8221;30&#8243;][mk_fancy_title color=&#8221;#021e3f&#8221; size=&#8221;20&#8243; font_weight=&#8221;bold&#8221; [&hellip;]<\/p>\n","protected":false},"author":1,"featured_media":0,"parent":0,"menu_order":0,"comment_status":"closed","ping_status":"closed","template":"","meta":{"footnotes":""},"class_list":["post-665","page","type-page","status-publish","hentry"],"_links":{"self":[{"href":"https:\/\/intertektrading.com\/de\/wp-json\/wp\/v2\/pages\/665"}],"collection":[{"href":"https:\/\/intertektrading.com\/de\/wp-json\/wp\/v2\/pages"}],"about":[{"href":"https:\/\/intertektrading.com\/de\/wp-json\/wp\/v2\/types\/page"}],"author":[{"embeddable":true,"href":"https:\/\/intertektrading.com\/de\/wp-json\/wp\/v2\/users\/1"}],"replies":[{"embeddable":true,"href":"https:\/\/intertektrading.com\/de\/wp-json\/wp\/v2\/comments?post=665"}],"version-history":[{"count":50,"href":"https:\/\/intertektrading.com\/de\/wp-json\/wp\/v2\/pages\/665\/revisions"}],"predecessor-version":[{"id":3785,"href":"https:\/\/intertektrading.com\/de\/wp-json\/wp\/v2\/pages\/665\/revisions\/3785"}],"wp:attachment":[{"href":"https:\/\/intertektrading.com\/de\/wp-json\/wp\/v2\/media?parent=665"}],"curies":[{"name":"wp","href":"https:\/\/api.w.org\/{rel}","templated":true}]}}