{"id":812,"date":"2019-02-24T11:22:47","date_gmt":"2019-02-24T11:22:47","guid":{"rendered":"http:\/\/intertektrading.com\/de\/?page_id=812"},"modified":"2025-04-07T14:58:24","modified_gmt":"2025-04-07T14:58:24","slug":"jungbecker-cdp-optic","status":"publish","type":"page","link":"https:\/\/intertektrading.com\/de\/optics\/mikrostrukturierte-platten\/jungbecker-cdp-optic","title":{"rendered":"Jungbecker \/ CDP"},"content":{"rendered":"<div class=\"wpb-content-wrapper\">[vc_row attached=&#8221;true&#8221;][vc_column width=&#8221;4\/6&#8243;][mk_padding_divider size=&#8221;80&#8243;][vc_row_inner attached=&#8221;true&#8221; is_fullwidth_content=&#8221;false&#8221; column_padding=&#8221;-20&#8243; css=&#8221;.vc_custom_1550657812058{margin-right: -10px !important;}&#8221;][vc_column_inner css=&#8221;.vc_custom_1550657641205{margin-right: -30px !important;}&#8221;][mk_fancy_title tag_name=&#8221;span&#8221; color=&#8221;#021e3f&#8221; size=&#8221;24&#8243; font_weight=&#8221;400&#8243; txt_transform=&#8221;capitalize&#8221; margin_bottom=&#8221;0&#8243; font_family=&#8221;Roboto&#8221; font_type=&#8221;google&#8221;]\n<div><a href=\"http:\/\/intertektrading.com\/de\/optics\/jungbecker-products-partner\">Jungbecker<\/a> \/ <strong><em>CDP<\/em><\/strong><\/div>\n[\/mk_fancy_title][\/vc_column_inner][\/vc_row_inner][\/vc_column][vc_column width=&#8221;2\/6&#8243;][\/vc_column][\/vc_row][vc_row][vc_column][mk_padding_divider size=&#8221;65&#8243;][\/vc_column][\/vc_row][vc_row][vc_column width=&#8221;1\/2&#8243;][mk_image src=&#8221;http:\/\/intertektrading.com\/de\/wp-content\/uploads\/2019\/02\/cdp1.jpg&#8221; image_size=&#8221;full&#8221;][\/vc_column][vc_column width=&#8221;1\/2&#8243; css=&#8221;.vc_custom_1558088866018{margin-left: 0px !important;}&#8221;][mk_padding_divider size=&#8221;3&#8243;][mk_fancy_title tag_name=&#8221;h1&#8243; color=&#8221;#01b50a&#8221; size=&#8221;18&#8243; line_height=&#8221;20&#8243; font_weight=&#8221;bolder&#8221; margin_bottom=&#8221;0&#8243; font_family=&#8221;none&#8221;]\n<h1>Jungbecker CDP<\/h1>\n[\/mk_fancy_title][mk_fancy_title color=&#8221;#01b50a&#8221; size=&#8221;18&#8243; line_height=&#8221;20&#8243; font_weight=&#8221;bolder&#8221; margin_bottom=&#8221;0&#8243; font_family=&#8221;none&#8221;]\n<h2>Kegelentblendungsprismen<\/h2>\n[\/mk_fancy_title][mk_padding_divider size=&#8221;30&#8243;][mk_fancy_title font_family=&#8221;none&#8221;]\n<h5>Die mikrostrukturierte Prismenoberfl\u00e4che des CDP leistet Einzigartiges. Die funktionalen Elemente sind in Form von Kegeln umgesetzt und mit eigens entwickelten numerischen Algorithmen auf H\u00f6chstleistung optimiert. Hohe Effizienz, gleichm\u00e4\u00dfige Entblendung in der Leuchtenebene und hohe Transparenz sind die charakteristischen Eigenschaften dieses Produktes.<\/h5>\n[\/mk_fancy_title][mk_padding_divider size=&#8221;8&#8243;][mk_fancy_title tag_name=&#8221;h5&#8243; color=&#8221;#000000&#8243; size=&#8221;20&#8243; line_height=&#8221;20&#8243; font_weight=&#8221;bolder&#8221; margin_bottom=&#8221;0&#8243; font_family=&#8221;none&#8221;]Anwendungen[\/mk_fancy_title][mk_padding_divider size=&#8221;12&#8243;][mk_fancy_title font_family=&#8221;none&#8221;]\n<ul class=\"ul1\">\n<li class=\"li1\">\n<h5>Geeignet fu\u0308r entblendungskritische Anwendungen mit UGR &lt; 19<\/h5>\n<\/li>\n<li class=\"li1\">\n<h5>Ideal fu\u0308r Beleuchtungsanwendungen am Arbeitsplatz<\/h5>\n<\/li>\n<\/ul>\n[\/mk_fancy_title][mk_padding_divider size=&#8221;8&#8243;][mk_fancy_title tag_name=&#8221;h5&#8243; color=&#8221;#000000&#8243; size=&#8221;20&#8243; line_height=&#8221;20&#8243; font_weight=&#8221;bolder&#8221; margin_bottom=&#8221;0&#8243; font_family=&#8221;none&#8221;]<b>Download<\/b>[\/mk_fancy_title][mk_button dimension=&#8221;flat&#8221; corner_style=&#8221;full_rounded&#8221; size=&#8221;medium&#8221; url=&#8221;http:\/\/intertektrading.com\/de\/download\/1454\/&#8221; bg_color=&#8221;#3d7988&#8243; btn_hover_bg=&#8221;#3d7988&#8243; btn_hover_txt_color=&#8221;#ffffff&#8221;]DATENBLATT[\/mk_button][mk_button dimension=&#8221;flat&#8221; corner_style=&#8221;full_rounded&#8221; size=&#8221;medium&#8221; url=&#8221;mailto:info@intertektrading.com&#8221; bg_color=&#8221;#94b292&#8243; btn_hover_bg=&#8221;#94b292&#8243; btn_hover_txt_color=&#8221;#ffffff&#8221;]MUSTER[\/mk_button][\/vc_column][\/vc_row][vc_row][vc_column][mk_padding_divider size=&#8221;20&#8243;][\/vc_column][\/vc_row][vc_row][vc_column][mk_padding_divider size=&#8221;100&#8243;][\/vc_column][\/vc_row][mk_page_section bg_color=&#8221;#3d7988&#8243; has_bottom_shape_divider=&#8221;true&#8221; bottom_shape_color=&#8221;#021e3f&#8221; sidebar=&#8221;sidebar-1&#8243;][vc_column][mk_padding_divider size=&#8221;100&#8243;][mk_fancy_title tag_name=&#8221;h3&#8243; color=&#8221;#ffffff&#8221; size=&#8221;40&#8243; font_weight=&#8221;500&#8243; margin_bottom=&#8221;0&#8243; font_family=&#8221;Roboto&#8221; font_type=&#8221;google&#8221; align=&#8221;center&#8221;]\n<div>\n<p style=\"color: #ffffff;\">Hauptmerkmale<\/p>\n<\/div>\n<p>\u200b[\/mk_fancy_title][vc_row_inner][vc_column_inner width=&#8221;1\/3&#8243;][vc_single_image image=&#8221;1011&#8243; alignment=&#8221;center&#8221; css=&#8221;.vc_custom_1551175885768{margin-bottom: 0px !important;}&#8221;][mk_fancy_title tag_name=&#8221;h3&#8243; color=&#8221;#ffffff&#8221; size=&#8221;17&#8243; font_weight=&#8221;400&#8243; margin_bottom=&#8221;0&#8243; font_family=&#8221;Roboto&#8221; font_type=&#8221;google&#8221; align=&#8221;center&#8221;]\n<div><\/div>\n<div>\n<p style=\"color: #ffffff;\">Einzigartige, homogene und hocheffiziente Entblendung<\/p>\n<\/div>\n<p>\u200b[\/mk_fancy_title][\/vc_column_inner][vc_column_inner width=&#8221;1\/3&#8243;][vc_single_image image=&#8221;1010&#8243; alignment=&#8221;center&#8221; css=&#8221;.vc_custom_1551175870127{margin-bottom: 0px !important;}&#8221;][mk_fancy_title tag_name=&#8221;h3&#8243; color=&#8221;#ffffff&#8221; size=&#8221;17&#8243; font_weight=&#8221;400&#8243; margin_bottom=&#8221;0&#8243; font_family=&#8221;Roboto&#8221; font_type=&#8221;google&#8221; align=&#8221;center&#8221;]\n<div><\/div>\n<div>\n<p style=\"color: #ffffff;\">Unterdr\u00fcckt hochwinkliges Licht \u00fcber 65 Grad, um visuelle Blendung zu verringern und gleichzeitig die Achsen-Lichtst\u00e4rke zu erh\u00f6hen. Erm\u00f6glicht die Einhaltung der Blendungsspezifikationen nach EN12464.<\/p>\n<\/div>\n<p>\u200b[\/mk_fancy_title][\/vc_column_inner][vc_column_inner width=&#8221;1\/3&#8243;][vc_single_image image=&#8221;744&#8243; alignment=&#8221;center&#8221; css=&#8221;.vc_custom_1550677126781{margin-bottom: 0px !important;}&#8221;][mk_fancy_title tag_name=&#8221;h3&#8243; color=&#8221;#ffffff&#8221; size=&#8221;17&#8243; font_weight=&#8221;400&#8243; margin_bottom=&#8221;0&#8243; font_family=&#8221;Roboto&#8221; font_type=&#8221;google&#8221; align=&#8221;center&#8221;]\n<div><\/div>\n<div>\n<p style=\"color: #ffffff;\">Polycarbonat (PC) auf Anfrage f\u00fcr erweiterte Brandschutzbestimmungen<\/p>\n<\/div>\n<p>\u200b[\/mk_fancy_title][\/vc_column_inner][\/vc_row_inner][mk_padding_divider size=&#8221;100&#8243;][\/vc_column][\/mk_page_section]\n<\/div>","protected":false},"excerpt":{"rendered":"<p>[vc_row attached=&#8221;true&#8221;][vc_column width=&#8221;4\/6&#8243;][mk_padding_divider size=&#8221;80&#8243;][vc_row_inner attached=&#8221;true&#8221; is_fullwidth_content=&#8221;false&#8221; column_padding=&#8221;-20&#8243; css=&#8221;.vc_custom_1550657812058{margin-right: -10px !important;}&#8221;][vc_column_inner css=&#8221;.vc_custom_1550657641205{margin-right: -30px !important;}&#8221;][mk_fancy_title tag_name=&#8221;span&#8221; color=&#8221;#021e3f&#8221; size=&#8221;24&#8243; font_weight=&#8221;400&#8243; txt_transform=&#8221;capitalize&#8221; margin_bottom=&#8221;0&#8243; font_family=&#8221;Roboto&#8221; font_type=&#8221;google&#8221;] Jungbecker \/ CDP [\/mk_fancy_title][\/vc_column_inner][\/vc_row_inner][\/vc_column][vc_column width=&#8221;2\/6&#8243;][\/vc_column][\/vc_row][vc_row][vc_column][mk_padding_divider size=&#8221;65&#8243;][\/vc_column][\/vc_row][vc_row][vc_column width=&#8221;1\/2&#8243;][mk_image src=&#8221;http:\/\/intertektrading.com\/de\/wp-content\/uploads\/2019\/02\/cdp1.jpg&#8221; image_size=&#8221;full&#8221;][\/vc_column][vc_column width=&#8221;1\/2&#8243; css=&#8221;.vc_custom_1558088866018{margin-left: 0px !important;}&#8221;][mk_padding_divider size=&#8221;3&#8243;][mk_fancy_title tag_name=&#8221;h1&#8243; color=&#8221;#01b50a&#8221; size=&#8221;18&#8243; line_height=&#8221;20&#8243; font_weight=&#8221;bolder&#8221; margin_bottom=&#8221;0&#8243; font_family=&#8221;none&#8221;] Jungbecker CDP [\/mk_fancy_title][mk_fancy_title color=&#8221;#01b50a&#8221; size=&#8221;18&#8243; line_height=&#8221;20&#8243; font_weight=&#8221;bolder&#8221; margin_bottom=&#8221;0&#8243; font_family=&#8221;none&#8221;] Kegelentblendungsprismen [\/mk_fancy_title][mk_padding_divider size=&#8221;30&#8243;][mk_fancy_title font_family=&#8221;none&#8221;] [&hellip;]<\/p>\n","protected":false},"author":1,"featured_media":0,"parent":702,"menu_order":0,"comment_status":"closed","ping_status":"closed","template":"","meta":{"footnotes":""},"class_list":["post-812","page","type-page","status-publish","hentry"],"_links":{"self":[{"href":"https:\/\/intertektrading.com\/de\/wp-json\/wp\/v2\/pages\/812"}],"collection":[{"href":"https:\/\/intertektrading.com\/de\/wp-json\/wp\/v2\/pages"}],"about":[{"href":"https:\/\/intertektrading.com\/de\/wp-json\/wp\/v2\/types\/page"}],"author":[{"embeddable":true,"href":"https:\/\/intertektrading.com\/de\/wp-json\/wp\/v2\/users\/1"}],"replies":[{"embeddable":true,"href":"https:\/\/intertektrading.com\/de\/wp-json\/wp\/v2\/comments?post=812"}],"version-history":[{"count":13,"href":"https:\/\/intertektrading.com\/de\/wp-json\/wp\/v2\/pages\/812\/revisions"}],"predecessor-version":[{"id":3797,"href":"https:\/\/intertektrading.com\/de\/wp-json\/wp\/v2\/pages\/812\/revisions\/3797"}],"up":[{"embeddable":true,"href":"https:\/\/intertektrading.com\/de\/wp-json\/wp\/v2\/pages\/702"}],"wp:attachment":[{"href":"https:\/\/intertektrading.com\/de\/wp-json\/wp\/v2\/media?parent=812"}],"curies":[{"name":"wp","href":"https:\/\/api.w.org\/{rel}","templated":true}]}}