{"id":842,"date":"2019-02-24T11:31:25","date_gmt":"2019-02-24T11:31:25","guid":{"rendered":"http:\/\/intertektrading.com\/de\/?page_id=842"},"modified":"2025-04-07T15:07:19","modified_gmt":"2025-04-07T15:07:19","slug":"brightview-c-series-optics","status":"publish","type":"page","link":"https:\/\/intertektrading.com\/de\/optics\/diffusorfolien\/brightview-c-series-optics","title":{"rendered":"Brightview C-series"},"content":{"rendered":"<div class=\"wpb-content-wrapper\">[vc_row attached=&#8221;true&#8221;][vc_column width=&#8221;4\/6&#8243;][mk_padding_divider size=&#8221;80&#8243;][vc_row_inner attached=&#8221;true&#8221; is_fullwidth_content=&#8221;false&#8221; column_padding=&#8221;-20&#8243; css=&#8221;.vc_custom_1550657812058{margin-right: -10px !important;}&#8221;][vc_column_inner css=&#8221;.vc_custom_1550657641205{margin-right: -30px !important;}&#8221;][mk_fancy_title tag_name=&#8221;span&#8221; color=&#8221;#021e3f&#8221; size=&#8221;24&#8243; font_weight=&#8221;400&#8243; txt_transform=&#8221;capitalize&#8221; margin_bottom=&#8221;0&#8243; font_family=&#8221;Roboto&#8221; font_type=&#8221;google&#8221;]<a href=\"http:\/\/intertektrading.com\/de\/optics\/brigthview-products-partner\">Brightview<\/a> \/ <strong><em>C-series<\/em><\/strong>[\/mk_fancy_title][\/vc_column_inner][\/vc_row_inner][\/vc_column][vc_column width=&#8221;2\/6&#8243;][\/vc_column][\/vc_row][vc_row][vc_column][mk_padding_divider size=&#8221;65&#8243;][\/vc_column][\/vc_row][vc_row][vc_column width=&#8221;1\/2&#8243;][mk_image src=&#8221;http:\/\/intertektrading.com\/de\/wp-content\/uploads\/2019\/04\/artboard-copy-44.png&#8221; image_size=&#8221;full&#8221;][\/vc_column][vc_column width=&#8221;1\/2&#8243; css=&#8221;.vc_custom_1558089012812{margin-left: 0px !important;}&#8221;][mk_padding_divider size=&#8221;3&#8243;][mk_fancy_title tag_name=&#8221;h1&#8243; color=&#8221;#01b50a&#8221; size=&#8221;18&#8243; line_height=&#8221;20&#8243; font_weight=&#8221;bolder&#8221; margin_bottom=&#8221;0&#8243; font_family=&#8221;none&#8221;]\n<h1>Bright View C-Serie<\/h1>\n[\/mk_fancy_title][mk_fancy_title tag_name=&#8221;h5&#8243; color=&#8221;#01b50a&#8221; size=&#8221;18&#8243; line_height=&#8221;20&#8243; font_weight=&#8221;bolder&#8221; margin_bottom=&#8221;0&#8243; font_family=&#8221;none&#8221;]\n<h2>Hocheffiziente symmetrische Diffusoren<\/h2>\n[\/mk_fancy_title][mk_padding_divider size=&#8221;8&#8243;][mk_fancy_title font_family=&#8221;none&#8221;]\n<h5>Die Brightview C-Series Folien kombinieren eine exzellente Diffusionsleistung mit h\u00f6chster Effizienz. Sie erm\u00f6glichen optimale Kombinationen f\u00fcr Diffusionsgrad, Transmission und Farbdurchmischung bei rundum gleichm\u00e4\u00dfiger Abstrahlung.<\/h5>\n[\/mk_fancy_title][mk_padding_divider size=&#8221;8&#8243;][mk_fancy_title tag_name=&#8221;h5&#8243; color=&#8221;#000000&#8243; size=&#8221;20&#8243; line_height=&#8221;20&#8243; font_weight=&#8221;bolder&#8221; margin_bottom=&#8221;0&#8243; font_family=&#8221;none&#8221;]\n<p style=\"color: #000000;\">Produktspezifikation<\/p>\n[\/mk_fancy_title][mk_padding_divider size=&#8221;12&#8243;][mk_fancy_title font_family=&#8221;none&#8221;]<strong>Maximale Abmessung: <\/strong>610x1800mm<br \/>\n<strong>Material: <\/strong>PET Folie (UV-PET und weitere auf Anfrage))<br \/>\n<strong>St\u00e4rke: <\/strong>175\u00b5m<br \/>\n<strong>Temperaturbereich: <\/strong>-34\u00b0 bis +80\u00b0C<br \/>\n<strong>Oberfl\u00e4che: <\/strong>Einseitig\/ doppelseitig strukturiert[\/mk_fancy_title][mk_padding_divider size=&#8221;8&#8243;][mk_fancy_title tag_name=&#8221;h5&#8243; color=&#8221;#000000&#8243; size=&#8221;20&#8243; line_height=&#8221;20&#8243; font_weight=&#8221;bolder&#8221; margin_bottom=&#8221;0&#8243; font_family=&#8221;none&#8221;]<b>Download<\/b>[\/mk_fancy_title][vc_row_inner attached=&#8221;true&#8221; is_fullwidth_content=&#8221;false&#8221;][vc_column_inner width=&#8221;2\/6&#8243;][mk_button dimension=&#8221;flat&#8221; corner_style=&#8221;full_rounded&#8221; size=&#8221;medium&#8221; url=&#8221;http:\/\/intertektrading.com\/de\/download\/1513\/&#8221; bg_color=&#8221;#3d7988&#8243; btn_hover_bg=&#8221;#3d7988&#8243; btn_hover_txt_color=&#8221;#ffffff&#8221;]DATENBLATT[\/mk_button][\/vc_column_inner][vc_column_inner width=&#8221;2\/6&#8243;][mk_button dimension=&#8221;flat&#8221; corner_style=&#8221;full_rounded&#8221; size=&#8221;medium&#8221; url=&#8221;mailto:sales@intertektrading.com&#8221; bg_color=&#8221;#94b292&#8243; btn_hover_bg=&#8221;#94b292&#8243; btn_hover_txt_color=&#8221;#ffffff&#8221;]KONTAKT[\/mk_button][\/vc_column_inner][vc_column_inner width=&#8221;1\/6&#8243;][\/vc_column_inner][vc_column_inner width=&#8221;1\/6&#8243;][\/vc_column_inner][\/vc_row_inner][\/vc_column][\/vc_row][vc_row][vc_column][mk_padding_divider size=&#8221;20&#8243;][\/vc_column][\/vc_row][vc_row][vc_column][mk_padding_divider size=&#8221;100&#8243;][\/vc_column][\/vc_row]\n<\/div>","protected":false},"excerpt":{"rendered":"<p>[vc_row attached=&#8221;true&#8221;][vc_column width=&#8221;4\/6&#8243;][mk_padding_divider size=&#8221;80&#8243;][vc_row_inner attached=&#8221;true&#8221; is_fullwidth_content=&#8221;false&#8221; column_padding=&#8221;-20&#8243; css=&#8221;.vc_custom_1550657812058{margin-right: -10px !important;}&#8221;][vc_column_inner css=&#8221;.vc_custom_1550657641205{margin-right: -30px !important;}&#8221;][mk_fancy_title tag_name=&#8221;span&#8221; color=&#8221;#021e3f&#8221; size=&#8221;24&#8243; font_weight=&#8221;400&#8243; txt_transform=&#8221;capitalize&#8221; margin_bottom=&#8221;0&#8243; font_family=&#8221;Roboto&#8221; font_type=&#8221;google&#8221;]Brightview \/ C-series[\/mk_fancy_title][\/vc_column_inner][\/vc_row_inner][\/vc_column][vc_column width=&#8221;2\/6&#8243;][\/vc_column][\/vc_row][vc_row][vc_column][mk_padding_divider size=&#8221;65&#8243;][\/vc_column][\/vc_row][vc_row][vc_column width=&#8221;1\/2&#8243;][mk_image src=&#8221;http:\/\/intertektrading.com\/de\/wp-content\/uploads\/2019\/04\/artboard-copy-44.png&#8221; image_size=&#8221;full&#8221;][\/vc_column][vc_column width=&#8221;1\/2&#8243; css=&#8221;.vc_custom_1558089012812{margin-left: 0px !important;}&#8221;][mk_padding_divider size=&#8221;3&#8243;][mk_fancy_title tag_name=&#8221;h1&#8243; color=&#8221;#01b50a&#8221; size=&#8221;18&#8243; line_height=&#8221;20&#8243; font_weight=&#8221;bolder&#8221; margin_bottom=&#8221;0&#8243; font_family=&#8221;none&#8221;] Bright View C-Serie [\/mk_fancy_title][mk_fancy_title tag_name=&#8221;h5&#8243; color=&#8221;#01b50a&#8221; size=&#8221;18&#8243; line_height=&#8221;20&#8243; font_weight=&#8221;bolder&#8221; margin_bottom=&#8221;0&#8243; font_family=&#8221;none&#8221;] Hocheffiziente symmetrische Diffusoren [\/mk_fancy_title][mk_padding_divider [&hellip;]<\/p>\n","protected":false},"author":1,"featured_media":0,"parent":1239,"menu_order":0,"comment_status":"closed","ping_status":"closed","template":"","meta":{"footnotes":""},"class_list":["post-842","page","type-page","status-publish","hentry"],"_links":{"self":[{"href":"https:\/\/intertektrading.com\/de\/wp-json\/wp\/v2\/pages\/842"}],"collection":[{"href":"https:\/\/intertektrading.com\/de\/wp-json\/wp\/v2\/pages"}],"about":[{"href":"https:\/\/intertektrading.com\/de\/wp-json\/wp\/v2\/types\/page"}],"author":[{"embeddable":true,"href":"https:\/\/intertektrading.com\/de\/wp-json\/wp\/v2\/users\/1"}],"replies":[{"embeddable":true,"href":"https:\/\/intertektrading.com\/de\/wp-json\/wp\/v2\/comments?post=842"}],"version-history":[{"count":12,"href":"https:\/\/intertektrading.com\/de\/wp-json\/wp\/v2\/pages\/842\/revisions"}],"predecessor-version":[{"id":3815,"href":"https:\/\/intertektrading.com\/de\/wp-json\/wp\/v2\/pages\/842\/revisions\/3815"}],"up":[{"embeddable":true,"href":"https:\/\/intertektrading.com\/de\/wp-json\/wp\/v2\/pages\/1239"}],"wp:attachment":[{"href":"https:\/\/intertektrading.com\/de\/wp-json\/wp\/v2\/media?parent=842"}],"curies":[{"name":"wp","href":"https:\/\/api.w.org\/{rel}","templated":true}]}}