{"id":851,"date":"2019-02-24T11:35:23","date_gmt":"2019-02-24T11:35:23","guid":{"rendered":"http:\/\/intertektrading.com\/de\/?page_id=851"},"modified":"2025-04-07T15:10:56","modified_gmt":"2025-04-07T15:10:56","slug":"sewon-lumieo-frost-optic","status":"publish","type":"page","link":"https:\/\/intertektrading.com\/de\/optics\/diffusorplatten\/sewon-lumieo-frost-optic","title":{"rendered":"Sewon Lumieo frost"},"content":{"rendered":"<div class=\"wpb-content-wrapper\">[vc_row attached=&#8221;true&#8221;][vc_column width=&#8221;4\/6&#8243;][mk_padding_divider size=&#8221;80&#8243;][vc_row_inner attached=&#8221;true&#8221; is_fullwidth_content=&#8221;false&#8221; column_padding=&#8221;-20&#8243; css=&#8221;.vc_custom_1550657812058{margin-right: -10px !important;}&#8221;][vc_column_inner css=&#8221;.vc_custom_1550657641205{margin-right: -30px !important;}&#8221;][mk_fancy_title tag_name=&#8221;span&#8221; color=&#8221;#021e3f&#8221; size=&#8221;24&#8243; font_weight=&#8221;400&#8243; txt_transform=&#8221;capitalize&#8221; margin_bottom=&#8221;0&#8243; font_family=&#8221;Roboto&#8221; font_type=&#8221;google&#8221;]<a href=\"http:\/\/intertektrading.com\/de\/optics\/sewon-products-partner\">Sewon<\/a> \/ <strong><em>Lumieo frost<\/em><\/strong>[\/mk_fancy_title][\/vc_column_inner][\/vc_row_inner][\/vc_column][vc_column width=&#8221;2\/6&#8243;][\/vc_column][\/vc_row][vc_row][vc_column][mk_padding_divider size=&#8221;65&#8243;][\/vc_column][\/vc_row][vc_row][vc_column width=&#8221;1\/2&#8243;][mk_image src=&#8221;http:\/\/intertektrading.com\/de\/wp-content\/uploads\/2019\/04\/artboard-copy-32.png&#8221; image_size=&#8221;full&#8221;][\/vc_column][vc_column width=&#8221;1\/2&#8243; css=&#8221;.vc_custom_1558089042735{margin-left: 0px !important;}&#8221;][mk_padding_divider size=&#8221;3&#8243;][mk_fancy_title tag_name=&#8221;h1&#8243; color=&#8221;#01b50a&#8221; size=&#8221;18&#8243; line_height=&#8221;20&#8243; font_weight=&#8221;bolder&#8221; margin_bottom=&#8221;0&#8243; font_family=&#8221;none&#8221;]\n<h1><b>Sewon Lumieo frost<\/b><\/h1>\n[\/mk_fancy_title][mk_fancy_title tag_name=&#8221;h5&#8243; color=&#8221;#01b50a&#8221; size=&#8221;18&#8243; line_height=&#8221;20&#8243; font_weight=&#8221;bolder&#8221; margin_bottom=&#8221;0&#8243; font_family=&#8221;none&#8221;]\n<h2>Diffusorplatten zur Homogenisierung des Lichtbildes<\/h2>\n[\/mk_fancy_title][mk_padding_divider size=&#8221;30&#8243;][mk_fancy_title font_family=&#8221;none&#8221;]\n<h5>Lumieo Frost ist eine hochwertige wei\u00dfe Acrylplatte die sowohl eine hohe Transmission als auch eine hervorragende homogenisierte Lichtaustrittsfl\u00e4che bietet. Dabei ist eine Seite hochgl\u00e4nzend und die andere Seite satiniert. Die Diffusion entsteht durch eine Kombination aus einer sehr feinen Oberfl\u00e4chenstruktur und speziellen Diffusionszus\u00e4tzen. Lumieo Frost kann wie andere Standard-Acrylplatten thermisch verformt und verarbeitet werden. Es sind kundenspezifische Zuschnitte verf\u00fcgbar.<\/h5>\n[\/mk_fancy_title][mk_padding_divider size=&#8221;8&#8243;][mk_fancy_title tag_name=&#8221;h5&#8243; color=&#8221;#000000&#8243; size=&#8221;20&#8243; line_height=&#8221;20&#8243; font_weight=&#8221;bolder&#8221; margin_bottom=&#8221;0&#8243; font_family=&#8221;none&#8221;]<b>Download<\/b>[\/mk_fancy_title][vc_row_inner attached=&#8221;true&#8221; is_fullwidth_content=&#8221;false&#8221;][vc_column_inner width=&#8221;2\/6&#8243;][mk_button dimension=&#8221;flat&#8221; corner_style=&#8221;full_rounded&#8221; size=&#8221;medium&#8221; url=&#8221;http:\/\/intertektrading.com\/de\/download\/3567\/&#8221; bg_color=&#8221;#3d7988&#8243; btn_hover_bg=&#8221;#3d7988&#8243; btn_hover_txt_color=&#8221;#ffffff&#8221;]DATENBLATT[\/mk_button][\/vc_column_inner][vc_column_inner width=&#8221;2\/6&#8243;][mk_button dimension=&#8221;flat&#8221; corner_style=&#8221;full_rounded&#8221; size=&#8221;medium&#8221; url=&#8221;mailto:sales@intertektrading.com&#8221; bg_color=&#8221;#94b292&#8243; btn_hover_bg=&#8221;#94b292&#8243; btn_hover_txt_color=&#8221;#ffffff&#8221;]KONTAKT[\/mk_button][\/vc_column_inner][vc_column_inner width=&#8221;1\/6&#8243;][\/vc_column_inner][vc_column_inner width=&#8221;1\/6&#8243;][\/vc_column_inner][\/vc_row_inner][\/vc_column][\/vc_row][vc_row][vc_column][mk_padding_divider size=&#8221;20&#8243;][\/vc_column][\/vc_row][vc_row][vc_column][mk_padding_divider size=&#8221;100&#8243;][\/vc_column][\/vc_row][mk_page_section bg_color=&#8221;#3d7988&#8243; has_bottom_shape_divider=&#8221;true&#8221; bottom_shape_color=&#8221;#021e3f&#8221; sidebar=&#8221;sidebar-1&#8243;][vc_column][mk_padding_divider size=&#8221;100&#8243;][mk_fancy_title tag_name=&#8221;h3&#8243; color=&#8221;#ffffff&#8221; size=&#8221;40&#8243; font_weight=&#8221;500&#8243; margin_bottom=&#8221;0&#8243; font_family=&#8221;Roboto&#8221; font_type=&#8221;google&#8221; align=&#8221;center&#8221;]\n<div>\n<p style=\"color: #ffffff;\">Hauptmerkmale<\/p>\n<\/div>\n<p>\u200b[\/mk_fancy_title][vc_row_inner][vc_column_inner width=&#8221;1\/3&#8243;][vc_single_image image=&#8221;1895&#8243; alignment=&#8221;center&#8221; css=&#8221;.vc_custom_1555679690569{margin-bottom: 0px !important;}&#8221;][mk_fancy_title tag_name=&#8221;h3&#8243; color=&#8221;#ffffff&#8221; size=&#8221;17&#8243; font_weight=&#8221;400&#8243; margin_bottom=&#8221;0&#8243; font_family=&#8221;Roboto&#8221; font_type=&#8221;google&#8221; align=&#8221;center&#8221;]\n<div>\n<p style=\"color: #ffffff;\">Hohe Transmission<\/p>\n<\/div>\n<p>\u200b[\/mk_fancy_title][\/vc_column_inner][vc_column_inner width=&#8221;1\/3&#8243;][vc_single_image image=&#8221;1894&#8243; alignment=&#8221;center&#8221; css=&#8221;.vc_custom_1555679568003{margin-bottom: 0px !important;}&#8221;][mk_fancy_title tag_name=&#8221;h3&#8243; color=&#8221;#ffffff&#8221; size=&#8221;17&#8243; font_weight=&#8221;400&#8243; margin_bottom=&#8221;0&#8243; font_family=&#8221;Roboto&#8221; font_type=&#8221;google&#8221; align=&#8221;center&#8221;]\n<p style=\"color: #ffffff;\">Hervorragende Lampenverblendung<\/p>\n[\/mk_fancy_title][\/vc_column_inner][vc_column_inner width=&#8221;1\/3&#8243;][vc_single_image image=&#8221;1896&#8243; alignment=&#8221;center&#8221; css=&#8221;.vc_custom_1555679753015{margin-bottom: 0px !important;}&#8221;][mk_fancy_title tag_name=&#8221;h3&#8243; color=&#8221;#ffffff&#8221; size=&#8221;17&#8243; font_weight=&#8221;400&#8243; margin_bottom=&#8221;0&#8243; font_family=&#8221;Roboto&#8221; font_type=&#8221;google&#8221; align=&#8221;center&#8221;]\n<p style=\"color: #ffffff;\">Kombination aus sehr feiner Oberfl\u00e4chentextur und speziellen Diffusionsadditiven<\/p>\n[\/mk_fancy_title][\/vc_column_inner][\/vc_row_inner][mk_padding_divider size=&#8221;100&#8243;][\/vc_column][\/mk_page_section]\n<\/div>","protected":false},"excerpt":{"rendered":"<p>[vc_row attached=&#8221;true&#8221;][vc_column width=&#8221;4\/6&#8243;][mk_padding_divider size=&#8221;80&#8243;][vc_row_inner attached=&#8221;true&#8221; is_fullwidth_content=&#8221;false&#8221; column_padding=&#8221;-20&#8243; css=&#8221;.vc_custom_1550657812058{margin-right: -10px !important;}&#8221;][vc_column_inner css=&#8221;.vc_custom_1550657641205{margin-right: -30px !important;}&#8221;][mk_fancy_title tag_name=&#8221;span&#8221; color=&#8221;#021e3f&#8221; size=&#8221;24&#8243; font_weight=&#8221;400&#8243; txt_transform=&#8221;capitalize&#8221; margin_bottom=&#8221;0&#8243; font_family=&#8221;Roboto&#8221; font_type=&#8221;google&#8221;]Sewon \/ Lumieo frost[\/mk_fancy_title][\/vc_column_inner][\/vc_row_inner][\/vc_column][vc_column width=&#8221;2\/6&#8243;][\/vc_column][\/vc_row][vc_row][vc_column][mk_padding_divider size=&#8221;65&#8243;][\/vc_column][\/vc_row][vc_row][vc_column width=&#8221;1\/2&#8243;][mk_image src=&#8221;http:\/\/intertektrading.com\/de\/wp-content\/uploads\/2019\/04\/artboard-copy-32.png&#8221; image_size=&#8221;full&#8221;][\/vc_column][vc_column width=&#8221;1\/2&#8243; css=&#8221;.vc_custom_1558089042735{margin-left: 0px !important;}&#8221;][mk_padding_divider size=&#8221;3&#8243;][mk_fancy_title tag_name=&#8221;h1&#8243; color=&#8221;#01b50a&#8221; size=&#8221;18&#8243; line_height=&#8221;20&#8243; font_weight=&#8221;bolder&#8221; margin_bottom=&#8221;0&#8243; font_family=&#8221;none&#8221;] Sewon Lumieo frost [\/mk_fancy_title][mk_fancy_title tag_name=&#8221;h5&#8243; color=&#8221;#01b50a&#8221; size=&#8221;18&#8243; line_height=&#8221;20&#8243; font_weight=&#8221;bolder&#8221; margin_bottom=&#8221;0&#8243; font_family=&#8221;none&#8221;] Diffusorplatten zur Homogenisierung [&hellip;]<\/p>\n","protected":false},"author":1,"featured_media":0,"parent":1253,"menu_order":0,"comment_status":"closed","ping_status":"closed","template":"","meta":{"footnotes":""},"class_list":["post-851","page","type-page","status-publish","hentry"],"_links":{"self":[{"href":"https:\/\/intertektrading.com\/de\/wp-json\/wp\/v2\/pages\/851"}],"collection":[{"href":"https:\/\/intertektrading.com\/de\/wp-json\/wp\/v2\/pages"}],"about":[{"href":"https:\/\/intertektrading.com\/de\/wp-json\/wp\/v2\/types\/page"}],"author":[{"embeddable":true,"href":"https:\/\/intertektrading.com\/de\/wp-json\/wp\/v2\/users\/1"}],"replies":[{"embeddable":true,"href":"https:\/\/intertektrading.com\/de\/wp-json\/wp\/v2\/comments?post=851"}],"version-history":[{"count":18,"href":"https:\/\/intertektrading.com\/de\/wp-json\/wp\/v2\/pages\/851\/revisions"}],"predecessor-version":[{"id":3821,"href":"https:\/\/intertektrading.com\/de\/wp-json\/wp\/v2\/pages\/851\/revisions\/3821"}],"up":[{"embeddable":true,"href":"https:\/\/intertektrading.com\/de\/wp-json\/wp\/v2\/pages\/1253"}],"wp:attachment":[{"href":"https:\/\/intertektrading.com\/de\/wp-json\/wp\/v2\/media?parent=851"}],"curies":[{"name":"wp","href":"https:\/\/api.w.org\/{rel}","templated":true}]}}