{"id":853,"date":"2019-02-24T11:46:32","date_gmt":"2019-02-24T11:46:32","guid":{"rendered":"http:\/\/intertektrading.com\/de\/?page_id=853"},"modified":"2023-06-07T09:48:07","modified_gmt":"2023-06-07T09:48:07","slug":"uber-uns","status":"publish","type":"page","link":"https:\/\/intertektrading.com\/de\/uber-uns","title":{"rendered":"\u00dcBER UNS"},"content":{"rendered":"<div class=\"wpb-content-wrapper\">[vc_row fullwidth=&#8221;true&#8221; fullwidth_content=&#8221;false&#8221; css=&#8221;.vc_custom_1612424558260{background-image: url(http:\/\/intertektrading.com\/de\/wp-content\/uploads\/2021\/02\/header-about-us-1.png?id=3334) !important;background-position: center !important;background-repeat: no-repeat !important;background-size: cover !important;}&#8221;][vc_column][mk_padding_divider size=&#8221;350&#8243;][mk_fancy_title strip_tags=&#8221;true&#8221; tag_name=&#8221;h4&#8243; color=&#8221;#ffffff&#8221; size=&#8221;42&#8243; line_height=&#8221;110&#8243; font_weight=&#8221;bolder&#8221; font_family=&#8221;none&#8221;]Leistung ist mehr als ein Endergebnis.[\/mk_fancy_title][mk_fancy_title size=&#8221;24&#8243; font_family=&#8221;none&#8221;]\n<p style=\"font-size: 200%; color: #ffffff;\">Sie ist der Antrieb sich st\u00e4ndig verbessern zu wollen.<\/p>\n[\/mk_fancy_title][mk_padding_divider size=&#8221;200&#8243; visibility=&#8221;hidden-dt-v2&#8243;][mk_padding_divider size=&#8221;620&#8243; visibility=&#8221;visible-dt-v2&#8243;][mk_padding_divider][\/vc_column][\/vc_row][vc_row][vc_column][mk_padding_divider size=&#8221;100&#8243;][\/vc_column][\/vc_row][vc_row][vc_column][mk_fancy_title strip_tags=&#8221;true&#8221; tag_name=&#8221;h4&#8243; color=&#8221;#021e3f&#8221; size=&#8221;42&#8243; line_height=&#8221;110&#8243; font_weight=&#8221;400&#8243; font_family=&#8221;none&#8221; align=&#8221;center&#8221;]\u00dcber uns[\/mk_fancy_title][mk_padding_divider][\/vc_column][\/vc_row][vc_row][vc_column][mk_padding_divider size=&#8221;20&#8243;][mk_fancy_title margin_bottom=&#8221;10&#8243; font_family=&#8221;none&#8221;]\n<h2>Die InterTek Trading AG ist weltweit exklusiver Vertriebspartner f\u00fcr Jungbecker-Optiken und bietet Dienstleistungen im Bereich Optikdesign und Produktentwicklung an.<\/h2>\n[\/mk_fancy_title][mk_fancy_title line_height=&#8221;142&#8243; margin_bottom=&#8221;5&#8243; font_family=&#8221;none&#8221;]\n<h5>Karl Jungbecker GmbH &amp; Co. KG ist Technologief\u00fchrer im Bereich von gro\u00dfformatigen Mikrostrukturen, sowie von komplexen optischen Teilen aus Kunststoff, hergestellt durch hochpr\u00e4zise Hei\u00dfpr\u00e4ge- und Spritzgusstechnologie. Die Kompetenzfelder erstrecken sich \u00fcber die gesamte Wertsch\u00f6pfungskette von Machbarkeitsstudien \u00fcber detaillierte Entwicklungen, eigener Werkzeugbau bis hin zur Serienproduktion, wir bieten die gesamte Wertsch\u00f6pfungskette aus einer Hand.<\/h5>\n<h5>Nebst unserer exklusiven Partnerschaft mit Jungbecker f\u00fcr die Herstellung von hochpr\u00e4zisen Mikrostrukturen und Optiken bieten wir eine breite Palette von exzellenten Komplement\u00e4rprodukten zur Lichtbild Homogenisierung, Entblendung und LGP-Edgelit Anwendungen von unseren renommierten Partnern an.<\/h5>\n[\/mk_fancy_title][mk_fancy_title size=&#8221;16&#8243; font_weight=&#8221;500&#8243; margin_bottom=&#8221;0&#8243; font_family=&#8221;none&#8221;]Qualit\u00e4tsrichtlinien[\/mk_fancy_title][mk_fancy_title line_height=&#8221;142&#8243; margin_bottom=&#8221;10&#8243; font_family=&#8221;none&#8221;]\n<h5>Die Karl Jungbecker GmbH ist nach IATF 16949: 2016 zertifiziert, dem globalen Industriestandard f\u00fcr Qualit\u00e4tsmanagement, und entspricht damit den neuesten Anforderungen an Qualit\u00e4tsmanagementsysteme.<\/h5>\n[\/mk_fancy_title][mk_padding_divider size=&#8221;100&#8243;][\/vc_column][\/vc_row][mk_page_section top_shape_bg_color=&#8221;#ebecea&#8221; has_bottom_shape_divider=&#8221;true&#8221; bottom_shape_color=&#8221;#ebecea&#8221; bottom_shape_bg_color=&#8221;##ebecea&#8221; sidebar=&#8221;sidebar-1&#8243;][vc_column][mk_padding_divider size=&#8221;100&#8243;][mk_fancy_title strip_tags=&#8221;true&#8221; tag_name=&#8221;h4&#8243; color=&#8221;#021e3f&#8221; size=&#8221;42&#8243; line_height=&#8221;110&#8243; font_weight=&#8221;400&#8243; font_family=&#8221;none&#8221; align=&#8221;center&#8221;]Vertriebspartner[\/mk_fancy_title][mk_padding_divider size=&#8221;50&#8243;][mk_image src=&#8221;http:\/\/intertektrading.com\/de\/wp-content\/uploads\/2023\/06\/partners_map_23.png&#8221; image_size=&#8221;full&#8221; svg=&#8221;true&#8221; align=&#8221;center&#8221;][mk_padding_divider size=&#8221;50&#8243;][\/vc_column][\/mk_page_section][mk_page_section bg_color=&#8221;#ebecea&#8221; has_top_shape_divider=&#8221;true&#8221; top_shape_color=&#8221;#ebecea&#8221; has_bottom_shape_divider=&#8221;true&#8221; bottom_shape_color=&#8221;#004b8a&#8221; bottom_shape_bg_color=&#8221;#ebecea&#8221; sidebar=&#8221;sidebar-1&#8243;][vc_column][vc_row_inner][vc_column_inner width=&#8221;1\/3&#8243;][mk_fancy_title strip_tags=&#8221;true&#8221; tag_name=&#8221;h4&#8243; color=&#8221;#021e3f&#8221; size=&#8221;23&#8243; line_height=&#8221;110&#8243; font_weight=&#8221;600&#8243; font_family=&#8221;none&#8221;]Weltweiter Exklusivvertriebspartner<br \/>\n[\/mk_fancy_title][\/vc_column_inner][vc_column_inner width=&#8221;1\/3&#8243;][\/vc_column_inner][vc_column_inner width=&#8221;1\/3&#8243; css=&#8221;.vc_custom_1551958776860{padding-top: -20px !important;}&#8221;][\/vc_column_inner][\/vc_row_inner][vc_row_inner][vc_column_inner width=&#8221;1\/3&#8243;][mk_image src=&#8221;http:\/\/intertektrading.com\/de\/wp-content\/uploads\/2023\/06\/intertek_logox2.png&#8221; image_size=&#8221;full&#8221; svg=&#8221;true&#8221; margin_bottom=&#8221;15&#8243;][mk_fancy_title size=&#8221;19&#8243; line_height=&#8221;50&#8243; font_weight=&#8221;500&#8243; margin_top=&#8221;10&#8243; margin_bottom=&#8221;0&#8243; font_family=&#8221;none&#8221;]\n<div>InterTek Trading<\/div>\n[\/mk_fancy_title][mk_fancy_title color=&#8221;#004b8a&#8221; size=&#8221;17&#8243; line_height=&#8221;50&#8243; font_weight=&#8221;400&#8243; margin_top=&#8221;-10&#8243; margin_bottom=&#8221;0&#8243; font_family=&#8221;none&#8221;]Z\u00fcrich, Schweiz[\/mk_fancy_title][mk_padding_divider size=&#8221;80&#8243;][\/vc_column_inner][vc_column_inner width=&#8221;1\/3&#8243;][\/vc_column_inner][vc_column_inner width=&#8221;1\/3&#8243; css=&#8221;.vc_custom_1551958776860{padding-top: -20px !important;}&#8221;][\/vc_column_inner][\/vc_row_inner][vc_row_inner][vc_column_inner width=&#8221;1\/3&#8243;][mk_fancy_title strip_tags=&#8221;true&#8221; tag_name=&#8221;h4&#8243; color=&#8221;#021e3f&#8221; size=&#8221;23&#8243; line_height=&#8221;110&#8243; font_weight=&#8221;600&#8243; margin_bottom=&#8221;0&#8243; font_family=&#8221;none&#8221;]Finden Sie Ihren lokalen Partner<br \/>\n[\/mk_fancy_title][\/vc_column_inner][vc_column_inner width=&#8221;1\/3&#8243;][\/vc_column_inner][vc_column_inner width=&#8221;1\/3&#8243; css=&#8221;.vc_custom_1551958776860{padding-top: -20px !important;}&#8221;][\/vc_column_inner][\/vc_row_inner][vc_row_inner][vc_column_inner width=&#8221;1\/3&#8243;][mk_image src=&#8221;http:\/\/intertektrading.com\/de\/wp-content\/uploads\/2021\/01\/jb_logo.png&#8221; image_size=&#8221;full&#8221; margin_bottom=&#8221;-15&#8243;][mk_fancy_title size=&#8221;19&#8243; line_height=&#8221;50&#8243; font_weight=&#8221;500&#8243; margin_top=&#8221;10&#8243; margin_bottom=&#8221;0&#8243; font_family=&#8221;none&#8221;]\n<div>Jungbecker<\/div>\n[\/mk_fancy_title][mk_fancy_title color=&#8221;#004b8a&#8221; size=&#8221;17&#8243; line_height=&#8221;50&#8243; font_weight=&#8221;400&#8243; margin_top=&#8221;-10&#8243; margin_bottom=&#8221;0&#8243; font_family=&#8221;none&#8221;]Olpe, Deutschland[\/mk_fancy_title][mk_padding_divider size=&#8221;10&#8243;][vc_icon icon_fontawesome=&#8221;fa fa-envelope-o&#8221; color=&#8221;custom&#8221; size=&#8221;xs&#8221; custom_color=&#8221;#021e3f&#8221; link=&#8221;url:mailto%3Aoptics%40jungbecker.de|||&#8221; css=&#8221;.vc_custom_1555409461253{margin-top: -30px !important;margin-left: -20px !important;}&#8221;][mk_image src=&#8221;http:\/\/intertektrading.com\/de\/wp-content\/uploads\/2019\/04\/alp.png&#8221; image_size=&#8221;full&#8221; margin_bottom=&#8221;-15&#8243;][mk_fancy_title size=&#8221;19&#8243; line_height=&#8221;50&#8243; font_weight=&#8221;500&#8243; margin_top=&#8221;10&#8243; margin_bottom=&#8221;0&#8243; font_family=&#8221;none&#8221;]\n<div>ALP Europe<\/div>\n[\/mk_fancy_title][mk_fancy_title color=&#8221;#004b8a&#8221; size=&#8221;17&#8243; line_height=&#8221;50&#8243; font_weight=&#8221;400&#8243; margin_top=&#8221;-10&#8243; margin_bottom=&#8221;0&#8243; font_family=&#8221;none&#8221;]Westmidlands, Gro\u00dfbritannien[\/mk_fancy_title][mk_padding_divider size=&#8221;10&#8243;][vc_icon icon_fontawesome=&#8221;fa fa-envelope-o&#8221; color=&#8221;custom&#8221; size=&#8221;xs&#8221; custom_color=&#8221;#021e3f&#8221; link=&#8221;url:mailto%3Anick.round%40alpeurope.co.uk|||&#8221; css=&#8221;.vc_custom_1555409653438{margin-top: -30px !important;margin-left: -20px !important;}&#8221;][\/vc_column_inner][vc_column_inner width=&#8221;1\/3&#8243;][mk_image src=&#8221;http:\/\/intertektrading.com\/de\/wp-content\/uploads\/2023\/06\/plaskolite-about.png&#8221; image_size=&#8221;full&#8221; margin_bottom=&#8221;-15&#8243;][mk_fancy_title size=&#8221;19&#8243; line_height=&#8221;50&#8243; font_weight=&#8221;500&#8243; margin_top=&#8221;10&#8243; margin_bottom=&#8221;0&#8243; font_family=&#8221;none&#8221;]\n<div>Plaskolite<\/div>\n[\/mk_fancy_title][mk_fancy_title color=&#8221;#004b8a&#8221; size=&#8221;17&#8243; line_height=&#8221;50&#8243; font_weight=&#8221;400&#8243; margin_top=&#8221;-10&#8243; margin_bottom=&#8221;0&#8243; font_family=&#8221;none&#8221;]Ohio, USA[\/mk_fancy_title][mk_padding_divider size=&#8221;10&#8243;][vc_icon icon_fontawesome=&#8221;fa fa-envelope-o&#8221; color=&#8221;custom&#8221; size=&#8221;xs&#8221; custom_color=&#8221;#021e3f&#8221; link=&#8221;url:mailto%3Apatrick.mcevoy%40plaskolite.com|||&#8221; css=&#8221;.vc_custom_1686131113631{margin-top: -30px !important;margin-left: -20px !important;}&#8221;][mk_image src=&#8221;http:\/\/intertektrading.com\/de\/wp-content\/uploads\/2019\/04\/sb_corporation.png&#8221; image_size=&#8221;full&#8221; margin_bottom=&#8221;-15&#8243;][mk_fancy_title size=&#8221;19&#8243; line_height=&#8221;50&#8243; font_weight=&#8221;500&#8243; margin_top=&#8221;10&#8243; margin_bottom=&#8221;0&#8243; font_family=&#8221;none&#8221;]S.B. Sales Cooperation[\/mk_fancy_title][mk_fancy_title color=&#8221;#004b8a&#8221; size=&#8221;17&#8243; line_height=&#8221;50&#8243; font_weight=&#8221;400&#8243; margin_top=&#8221;-10&#8243; margin_bottom=&#8221;0&#8243; font_family=&#8221;none&#8221;]Mumbai, Indien[\/mk_fancy_title][mk_padding_divider size=&#8221;10&#8243;][vc_icon icon_fontawesome=&#8221;fa fa-envelope-o&#8221; color=&#8221;custom&#8221; size=&#8221;xs&#8221; custom_color=&#8221;#021e3f&#8221; link=&#8221;url:mailto%3Arajeev%40sbsalescorporation.com|||&#8221; css=&#8221;.vc_custom_1555579610686{margin-top: -30px !important;margin-left: -20px !important;}&#8221;][\/vc_column_inner][vc_column_inner width=&#8221;1\/3&#8243; css=&#8221;.vc_custom_1555404194216{padding-top: 0px !important;}&#8221;][mk_image src=&#8221;http:\/\/intertektrading.com\/de\/wp-content\/uploads\/2019\/04\/australia.png&#8221; image_size=&#8221;full&#8221; margin_bottom=&#8221;-15&#8243;][mk_fancy_title size=&#8221;19&#8243; line_height=&#8221;50&#8243; font_weight=&#8221;500&#8243; margin_top=&#8221;10&#8243; margin_bottom=&#8221;0&#8243; font_family=&#8221;none&#8221;]\n<div>Lighting Australia<\/div>\n[\/mk_fancy_title][mk_fancy_title color=&#8221;#004b8a&#8221; size=&#8221;17&#8243; line_height=&#8221;50&#8243; font_weight=&#8221;400&#8243; margin_top=&#8221;-10&#8243; margin_bottom=&#8221;0&#8243; font_family=&#8221;none&#8221;]Sydney, Australien[\/mk_fancy_title][mk_padding_divider size=&#8221;10&#8243;][vc_icon icon_fontawesome=&#8221;fa fa-envelope-o&#8221; color=&#8221;custom&#8221; size=&#8221;xs&#8221; custom_color=&#8221;#021e3f&#8221; link=&#8221;url:mailto%3APeterK%40lightingaustralia.com.au|||&#8221; css=&#8221;.vc_custom_1555578912686{margin-top: -30px !important;margin-left: -20px !important;}&#8221;][\/vc_column_inner][\/vc_row_inner][vc_row_inner][vc_column_inner width=&#8221;1\/3&#8243;][mk_fancy_title color=&#8221;#021e3f&#8221; size=&#8221;19&#8243; line_height=&#8221;150&#8243; font_weight=&#8221;600&#8243; margin_top=&#8221;20&#8243; margin_bottom=&#8221;0&#8243; font_family=&#8221;none&#8221;]S\u00fcdafrika, T\u00fcrkei, Spanien[\/mk_fancy_title][mk_fancy_title line_height=&#8221;142&#8243; margin_bottom=&#8221;5&#8243; font_family=&#8221;none&#8221;]Bitte kontaktieren Sie uns f\u00fcr weitere Informationen \u00fcber unsere lokalen Partner.<br \/>\n[\/mk_fancy_title][mk_padding_divider size=&#8221;25&#8243;][mk_padding_divider size=&#8221;150&#8243;][\/vc_column_inner][vc_column_inner width=&#8221;1\/3&#8243;][\/vc_column_inner][vc_column_inner width=&#8221;1\/3&#8243; css=&#8221;.vc_custom_1551958776860{padding-top: -20px !important;}&#8221;][\/vc_column_inner][\/vc_row_inner][\/vc_column][\/mk_page_section][mk_page_section bg_color=&#8221;#004b8a&#8221; has_bottom_shape_divider=&#8221;true&#8221; bottom_shape_color=&#8221;#021e3f&#8221; bottom_shape_bg_color=&#8221;#004b8a&#8221; sidebar=&#8221;sidebar-1&#8243;][vc_column][mk_padding_divider size=&#8221;100&#8243;][mk_fancy_title tag_name=&#8221;h4&#8243; color=&#8221;#ffffff&#8221; size=&#8221;33&#8243; font_weight=&#8221;400&#8243; font_family=&#8221;none&#8221;]\n<p style=\"color: #ffffff;\">Unsere Experten sind f\u00fcr Sie da, um Ihnen zu helfen.<\/p>\n[\/mk_fancy_title][mk_padding_divider size=&#8221;50&#8243;][vc_row_inner][vc_column_inner width=&#8221;1\/4&#8243;][mk_image src=&#8221;http:\/\/intertektrading.com\/de\/wp-content\/uploads\/2021\/02\/anabild-farbig-copy.png&#8221; image_size=&#8221;full&#8221;][mk_padding_divider size=&#8221;10&#8243;][mk_fancy_title color=&#8221;#ffffff&#8221; size=&#8221;15&#8243; font_weight=&#8221;300&#8243; font_family=&#8221;none&#8221;]\n<p style=\"color: #ffffff;\">ACCOUNTING<br \/>\nORDER PROCESSING<\/p>\n[\/mk_fancy_title][mk_fancy_title color=&#8221;#ffffff&#8221; size=&#8221;15&#8243; line_height=&#8221;0&#8243; font_weight=&#8221;500&#8243; margin_bottom=&#8221;0&#8243; font_family=&#8221;none&#8221;]\n<p style=\"color: #ffffff;\">Ana Petrovic<\/p>\n[\/mk_fancy_title][mk_fancy_title color=&#8221;#ffffff&#8221; size=&#8221;15&#8243; font_weight=&#8221;400&#8243; font_family=&#8221;none&#8221;]\n<div>+41 (0) 44 250 64 55<\/div>\n[\/mk_fancy_title][vc_icon icon_fontawesome=&#8221;fa fa-envelope-o&#8221; color=&#8221;custom&#8221; size=&#8221;xs&#8221; custom_color=&#8221;#ffffff&#8221; css=&#8221;.vc_custom_1686131277889{margin-top: -30px !important;margin-bottom: -5px !important;margin-left: -22px !important;}&#8221; link=&#8221;url:mailto%3Aapetrovic%40intertektrading.com|||&#8221;][\/vc_column_inner][vc_column_inner width=&#8221;1\/4&#8243;][mk_image src=&#8221;http:\/\/intertektrading.com\/de\/wp-content\/uploads\/2021\/02\/anabild-farbig-copy-3.png&#8221; image_size=&#8221;full&#8221;][mk_padding_divider size=&#8221;10&#8243;][mk_fancy_title color=&#8221;#ffffff&#8221; size=&#8221;15&#8243; font_weight=&#8221;300&#8243; font_family=&#8221;none&#8221;]\n<p style=\"color: #ffffff;\">SALES<br \/>\nMANAGER<\/p>\n[\/mk_fancy_title][mk_fancy_title color=&#8221;#ffffff&#8221; size=&#8221;15&#8243; line_height=&#8221;0&#8243; font_weight=&#8221;500&#8243; margin_bottom=&#8221;0&#8243; font_family=&#8221;none&#8221;]\n<div>Marcel Bucher<\/div>\n[\/mk_fancy_title][mk_fancy_title color=&#8221;#ffffff&#8221; size=&#8221;15&#8243; font_weight=&#8221;400&#8243; font_family=&#8221;none&#8221;]\n<div>+41 (0) 44 250 64 54<\/div>\n[\/mk_fancy_title][vc_icon icon_fontawesome=&#8221;fa fa-envelope-o&#8221; color=&#8221;custom&#8221; size=&#8221;xs&#8221; custom_color=&#8221;#ffffff&#8221; css=&#8221;.vc_custom_1554298492875{margin-top: -30px !important;margin-bottom: -5px !important;margin-left: -22px !important;}&#8221; link=&#8221;url:mailto%3Ambucher%40intertektrading.com|||&#8221;][\/vc_column_inner][vc_column_inner width=&#8221;1\/4&#8243;][mk_image src=&#8221;http:\/\/intertektrading.com\/de\/wp-content\/uploads\/2021\/02\/anabild-farbig-copy-4.png&#8221; image_size=&#8221;full&#8221;][mk_padding_divider size=&#8221;10&#8243;][mk_fancy_title color=&#8221;#ffffff&#8221; size=&#8221;15&#8243; font_weight=&#8221;300&#8243; font_family=&#8221;none&#8221;]\n<p style=\"color: #ffffff;\">SENIOR<br \/>\nACCOUNT MANAGER<\/p>\n[\/mk_fancy_title][mk_fancy_title color=&#8221;#ffffff&#8221; size=&#8221;15&#8243; line_height=&#8221;0&#8243; font_weight=&#8221;500&#8243; margin_bottom=&#8221;0&#8243; font_family=&#8221;none&#8221;]\n<div>Sebastian Habicht<\/div>\n[\/mk_fancy_title][mk_fancy_title color=&#8221;#ffffff&#8221; size=&#8221;15&#8243; font_weight=&#8221;400&#8243; font_family=&#8221;none&#8221;]\n<div>+41 (0) 44 250 64 57<\/div>\n[\/mk_fancy_title][vc_icon icon_fontawesome=&#8221;fa fa-envelope-o&#8221; color=&#8221;custom&#8221; size=&#8221;xs&#8221; custom_color=&#8221;#ffffff&#8221; css=&#8221;.vc_custom_1554298521165{margin-top: -30px !important;margin-bottom: -5px !important;margin-left: -22px !important;}&#8221; link=&#8221;url:mailto%3Ashabicht%40intertektrading.com|||&#8221;][\/vc_column_inner][vc_column_inner width=&#8221;1\/4&#8243;][mk_image src=&#8221;http:\/\/intertektrading.com\/de\/wp-content\/uploads\/2021\/02\/anabild-farbig-copy-6.png&#8221; image_size=&#8221;full&#8221;][mk_padding_divider size=&#8221;10&#8243;][mk_fancy_title color=&#8221;#ffffff&#8221; size=&#8221;15&#8243; font_weight=&#8221;300&#8243; font_family=&#8221;none&#8221;]\n<p style=\"color: #ffffff;\">MANAGING<br \/>\nDIRECTOR<\/p>\n[\/mk_fancy_title][mk_fancy_title color=&#8221;#ffffff&#8221; size=&#8221;15&#8243; line_height=&#8221;0&#8243; font_weight=&#8221;500&#8243; margin_bottom=&#8221;0&#8243; font_family=&#8221;none&#8221;]\n<div>Fabian B\u00fcrkli<\/div>\n[\/mk_fancy_title][mk_fancy_title color=&#8221;#ffffff&#8221; size=&#8221;15&#8243; font_weight=&#8221;400&#8243; font_family=&#8221;none&#8221;]\n<div>+41 (0) 44 250 64 52<\/div>\n[\/mk_fancy_title][vc_icon icon_fontawesome=&#8221;fa fa-envelope-o&#8221; color=&#8221;custom&#8221; size=&#8221;xs&#8221; custom_color=&#8221;#ffffff&#8221; css=&#8221;.vc_custom_1554298540056{margin-top: -30px !important;margin-bottom: -5px !important;margin-left: -22px !important;}&#8221; link=&#8221;url:mailto%3Afbuerkli%40intertektrading.com|||&#8221;][\/vc_column_inner][\/vc_row_inner][mk_padding_divider size=&#8221;80&#8243;][\/vc_column][\/mk_page_section]\n<\/div>","protected":false},"excerpt":{"rendered":"<p>[vc_row fullwidth=&#8221;true&#8221; fullwidth_content=&#8221;false&#8221; css=&#8221;.vc_custom_1612424558260{background-image: url(http:\/\/intertektrading.com\/de\/wp-content\/uploads\/2021\/02\/header-about-us-1.png?id=3334) !important;background-position: center !important;background-repeat: no-repeat !important;background-size: cover !important;}&#8221;][vc_column][mk_padding_divider size=&#8221;350&#8243;][mk_fancy_title strip_tags=&#8221;true&#8221; tag_name=&#8221;h4&#8243; color=&#8221;#ffffff&#8221; size=&#8221;42&#8243; line_height=&#8221;110&#8243; font_weight=&#8221;bolder&#8221; font_family=&#8221;none&#8221;]Leistung ist mehr als ein Endergebnis.[\/mk_fancy_title][mk_fancy_title size=&#8221;24&#8243; font_family=&#8221;none&#8221;] Sie ist der Antrieb sich st\u00e4ndig verbessern zu wollen. [\/mk_fancy_title][mk_padding_divider size=&#8221;200&#8243; visibility=&#8221;hidden-dt-v2&#8243;][mk_padding_divider size=&#8221;620&#8243; visibility=&#8221;visible-dt-v2&#8243;][mk_padding_divider][\/vc_column][\/vc_row][vc_row][vc_column][mk_padding_divider size=&#8221;100&#8243;][\/vc_column][\/vc_row][vc_row][vc_column][mk_fancy_title strip_tags=&#8221;true&#8221; tag_name=&#8221;h4&#8243; color=&#8221;#021e3f&#8221; size=&#8221;42&#8243; line_height=&#8221;110&#8243; font_weight=&#8221;400&#8243; font_family=&#8221;none&#8221; align=&#8221;center&#8221;]\u00dcber uns[\/mk_fancy_title][mk_padding_divider][\/vc_column][\/vc_row][vc_row][vc_column][mk_padding_divider size=&#8221;20&#8243;][mk_fancy_title margin_bottom=&#8221;10&#8243; font_family=&#8221;none&#8221;] Die [&hellip;]<\/p>\n","protected":false},"author":1,"featured_media":0,"parent":0,"menu_order":0,"comment_status":"closed","ping_status":"closed","template":"","meta":{"footnotes":""},"class_list":["post-853","page","type-page","status-publish","hentry"],"_links":{"self":[{"href":"https:\/\/intertektrading.com\/de\/wp-json\/wp\/v2\/pages\/853"}],"collection":[{"href":"https:\/\/intertektrading.com\/de\/wp-json\/wp\/v2\/pages"}],"about":[{"href":"https:\/\/intertektrading.com\/de\/wp-json\/wp\/v2\/types\/page"}],"author":[{"embeddable":true,"href":"https:\/\/intertektrading.com\/de\/wp-json\/wp\/v2\/users\/1"}],"replies":[{"embeddable":true,"href":"https:\/\/intertektrading.com\/de\/wp-json\/wp\/v2\/comments?post=853"}],"version-history":[{"count":49,"href":"https:\/\/intertektrading.com\/de\/wp-json\/wp\/v2\/pages\/853\/revisions"}],"predecessor-version":[{"id":3759,"href":"https:\/\/intertektrading.com\/de\/wp-json\/wp\/v2\/pages\/853\/revisions\/3759"}],"wp:attachment":[{"href":"https:\/\/intertektrading.com\/de\/wp-json\/wp\/v2\/media?parent=853"}],"curies":[{"name":"wp","href":"https:\/\/api.w.org\/{rel}","templated":true}]}}