{"id":929,"date":"2019-02-24T12:16:44","date_gmt":"2019-02-24T12:16:44","guid":{"rendered":"http:\/\/intertektrading.com\/de\/?page_id=929"},"modified":"2023-06-08T11:14:30","modified_gmt":"2023-06-08T11:14:30","slug":"dienstleistungen","status":"publish","type":"page","link":"https:\/\/intertektrading.com\/de\/dienstleistungen","title":{"rendered":"DIENSTLEISTUNGEN"},"content":{"rendered":"<div class=\"wpb-content-wrapper\">[vc_row fullwidth=&#8221;true&#8221; fullwidth_content=&#8221;false&#8221; css=&#8221;.vc_custom_1551287308367{background-image: url(http:\/\/intertektrading.com\/de\/wp-content\/uploads\/2019\/02\/services_header_image2x.jpg?id=937) !important;background-position: center !important;background-repeat: no-repeat !important;background-size: cover !important;}&#8221;][vc_column][mk_padding_divider size=&#8221;350&#8243;][mk_fancy_title strip_tags=&#8221;true&#8221; tag_name=&#8221;h4&#8243; color=&#8221;#ffffff&#8221; size=&#8221;42&#8243; line_height=&#8221;110&#8243; font_weight=&#8221;bolder&#8221; font_family=&#8221;none&#8221;]Unsere Dienstleistungen[\/mk_fancy_title][mk_fancy_title strip_tags=&#8221;true&#8221; tag_name=&#8221;h4&#8243; color=&#8221;#ffffff&#8221; size=&#8221;24&#8243; font_weight=&#8221;300&#8243; font_family=&#8221;none&#8221;]Entwicklung und Produktion von kundenspezifischen optischen Komponenten und Systemen aus Kunststoff. Von der Konzeption bis zur Produktion alles aus einer Hand.[\/mk_fancy_title][mk_padding_divider size=&#8221;200&#8243; visibility=&#8221;hidden-dt-v2&#8243;][mk_padding_divider size=&#8221;620&#8243; visibility=&#8221;visible-dt-v2&#8243;][mk_padding_divider][\/vc_column][\/vc_row][vc_row][vc_column][mk_padding_divider size=&#8221;100&#8243;][\/vc_column][\/vc_row][vc_row fullwidth=&#8221;true&#8221; fullwidth_content=&#8221;false&#8221;][vc_column width=&#8221;1\/3&#8243;][mk_custom_box padding_vertical=&#8221;10&#8243; bg_color=&#8221;rgba(237,70,34,0)&#8221; background_hov_color_style=&#8221;image&#8221; overlay_color=&#8221;#ffffff&#8221; bg_hov_color=&#8221;#ffffff&#8221; bg_stretch=&#8221;false&#8221;][mk_image src=&#8221;http:\/\/intertektrading.com\/de\/wp-content\/uploads\/2023\/06\/services-1.png&#8221; image_size=&#8221;full&#8221; target=&#8221;_blank&#8221; align=&#8221;center&#8221; margin_bottom=&#8221;30&#8243;][mk_fancy_title color=&#8221;#021e3f&#8221; size=&#8221;20&#8243; font_weight=&#8221;bold&#8221; txt_transform=&#8221;none&#8221; margin_bottom=&#8221;0&#8243; font_family=&#8221;Roboto&#8221; font_type=&#8221;google&#8221; align=&#8221;center&#8221;]\n<h2 style=\"font-size: 18px;\">Professionelle Unterst\u00fctzung<\/h2>\n[\/mk_fancy_title][mk_padding_divider size=&#8221;5&#8243;][mk_fancy_title tag_name=&#8221;h5&#8243; color=&#8221;#021e3f&#8221; size=&#8221;24&#8243; margin_bottom=&#8221;0&#8243; font_family=&#8221;Roboto&#8221; font_type=&#8221;google&#8221; align=&#8221;center&#8221;]\n<h5>In Zusammenarbeit mit unserem Partner Jungbecker bietet Inter Tek Trading professionelle Beratung und Dienstleistungen sowie ein breites Spektrum an Entwicklungsdienstleistungen im Bereich von polymer Optiken an. Unser Entwicklungsteam ist bestrebt, innovative, ma\u00dfgeschneiderte L\u00f6sungen zu entwickeln, die auf Ihre speziellen Bed\u00fcrfnisse zugeschnitten sind f\u00fcr Spritzguss und heissgepr\u00e4gte Produkte.<\/h5>\n[\/mk_fancy_title][\/mk_custom_box][\/vc_column][vc_column width=&#8221;1\/3&#8243;][mk_custom_box padding_vertical=&#8221;10&#8243; bg_color=&#8221;rgba(237,70,34,0)&#8221; background_hov_color_style=&#8221;image&#8221; overlay_color=&#8221;#ffffff&#8221; bg_hov_color=&#8221;#ffffff&#8221; bg_stretch=&#8221;false&#8221;][mk_image src=&#8221;http:\/\/intertektrading.com\/de\/wp-content\/uploads\/2023\/06\/services-2.png&#8221; image_size=&#8221;full&#8221; target=&#8221;_blank&#8221; align=&#8221;center&#8221; margin_bottom=&#8221;30&#8243;][mk_fancy_title color=&#8221;#021e3f&#8221; size=&#8221;19&#8243; font_weight=&#8221;bold&#8221; txt_transform=&#8221;none&#8221; margin_bottom=&#8221;0&#8243; font_family=&#8221;Roboto&#8221; font_type=&#8221;google&#8221; align=&#8221;center&#8221;]\n<h2 style=\"font-size: 18px;\">Kundenspezifischer Dienstleistungen<\/h2>\n[\/mk_fancy_title][mk_padding_divider size=&#8221;5&#8243;][mk_fancy_title tag_name=&#8221;h5&#8243; color=&#8221;#021e3f&#8221; size=&#8221;24&#8243; margin_bottom=&#8221;0&#8243; font_family=&#8221;Roboto&#8221; font_type=&#8221;google&#8221; align=&#8221;center&#8221;]\n<h5>Von Machbarkeitsstudien und Konzept Erstellungen, einschlie\u00dflich Raytracing Simulationen, bis hin zu Werkzeugbau und Serien Fertigung garantieren wir f\u00fcr jedes Projekt das bestm\u00f6gliche Ergebnis durch unser Netzwerk. Eine umfassende Analyse photometrischer Daten, sowie Vergleichsmessungen von Leuchten und anderen optischen Systemen, sorgen f\u00fcr eine nahtlose Optimierung Ihrer Anwendungen.<\/h5>\n[\/mk_fancy_title][\/mk_custom_box][\/vc_column][vc_column width=&#8221;1\/3&#8243;][mk_custom_box padding_vertical=&#8221;10&#8243; bg_color=&#8221;rgba(237,70,34,0)&#8221; background_hov_color_style=&#8221;image&#8221; overlay_color=&#8221;#ffffff&#8221; bg_hov_color=&#8221;#ffffff&#8221; bg_stretch=&#8221;false&#8221;][mk_image src=&#8221;http:\/\/intertektrading.com\/de\/wp-content\/uploads\/2023\/06\/services-3.png&#8221; image_size=&#8221;full&#8221; target=&#8221;_blank&#8221; align=&#8221;center&#8221; margin_bottom=&#8221;30&#8243;][mk_fancy_title color=&#8221;#021e3f&#8221; size=&#8221;20&#8243; font_weight=&#8221;bold&#8221; txt_transform=&#8221;none&#8221; margin_bottom=&#8221;0&#8243; font_family=&#8221;Roboto&#8221; font_type=&#8221;google&#8221; align=&#8221;center&#8221;]\n<h2 style=\"font-size: 18px;\">Produkt-Optimierung<\/h2>\n[\/mk_fancy_title][mk_padding_divider size=&#8221;5&#8243;][mk_fancy_title tag_name=&#8221;h5&#8243; color=&#8221;#021e3f&#8221; size=&#8221;24&#8243; margin_bottom=&#8221;0&#8243; font_family=&#8221;Roboto&#8221; font_type=&#8221;google&#8221; align=&#8221;center&#8221;]\n<h5>Unsere Dienstleistungen im Bereich Produktoptimierung zielen darauf ab die Vorlaufzeiten bei Entwicklungen unserer Kunden zu verk\u00fcrzen. Durch die gro\u00dfe Produktauswahl welche unser Partnernetzwerk bietet, ermitteln wir f\u00fcr bestehenden Produkte- oder anhand von Leuchten Prototypen, den optimalen Einsatz oder die ideale Kombination zur Effizienzsteigerung sowie zur Verbesserung der Lichtqualit\u00e4t und der UGR Werte. Dazu stehen unserem Lichtlabor u.a. Goniometer, Leuchtdichte Kameras sowie Beleuchtungsst\u00e4rke Messger\u00e4te und ma\u00df- angefertigte Pr\u00fcfvorrichtungen zur Verf\u00fcgung.<\/h5>\n[\/mk_fancy_title][\/mk_custom_box][\/vc_column][\/vc_row][vc_row][vc_column width=&#8221;1\/3&#8243;][\/vc_column][vc_column width=&#8221;1\/3&#8243;][mk_button dimension=&#8221;flat&#8221; corner_style=&#8221;full_rounded&#8221; size=&#8221;medium&#8221; url=&#8221;mailto:sales@intertektrading.com&#8221; align=&#8221;center&#8221; margin_bottom=&#8221;0&#8243; bg_color=&#8221;#3d7988&#8243;]KONTAKT[\/mk_button][\/vc_column][vc_column width=&#8221;1\/3&#8243;][\/vc_column][\/vc_row][vc_row][vc_column][mk_padding_divider size=&#8221;100&#8243;][\/vc_column][\/vc_row][vc_row fullwidth=&#8221;true&#8221; fullwidth_content=&#8221;false&#8221; css=&#8221;.vc_custom_1551288106539{background-color: #004b8a !important;}&#8221;][vc_column][mk_padding_divider size=&#8221;100&#8243;][mk_fancy_title tag_name=&#8221;h4&#8243; color=&#8221;#eee9bb&#8221; size=&#8221;33&#8243; font_weight=&#8221;400&#8243; font_family=&#8221;none&#8221;]\n<p style=\"text-align: left; color: #ffffff;\">Unser Prozess<\/p>\n[\/mk_fancy_title][mk_padding_divider size=&#8221;10&#8243;][mk_image src=&#8221;http:\/\/intertektrading.com\/de\/wp-content\/uploads\/2019\/06\/prozess.svg&#8221; image_size=&#8221;full&#8221; svg=&#8221;true&#8221;][mk_padding_divider size=&#8221;100&#8243;][\/vc_column][\/vc_row][vc_row fullwidth=&#8221;true&#8221; fullwidth_content=&#8221;false&#8221; column_padding=&#8221;3&#8243;][vc_column][mk_padding_divider size=&#8221;100&#8243;][mk_fancy_title tag_name=&#8221;h1&#8243; font_family=&#8221;none&#8221;]\n<h1>Herstellung von optischen Komponenten aus Kunststoff<\/h1>\n[\/mk_fancy_title][vc_row_inner is_fullwidth_content=&#8221;false&#8221;][vc_column_inner width=&#8221;5\/12&#8243; css=&#8221;.vc_custom_1551019385687{margin-right: -20px !important;}&#8221;][mk_fancy_title tag_name=&#8221;h5&#8243; margin_bottom=&#8221;0&#8243; font_family=&#8221;Roboto&#8221; font_type=&#8221;google&#8221;]\n<h5>Unsere spezifische Hei\u00dfpr\u00e4ge- und Spritzgusstechnologie erm\u00f6glicht pr\u00e4ziseste Lichtlenkungsfunktionen und garantiert gleichzeitig die gr\u00f6\u00dftm\u00f6gliche Effizienz.<\/h5>\n[\/mk_fancy_title][\/vc_column_inner][vc_column_inner width=&#8221;1\/12&#8243;][\/vc_column_inner][vc_column_inner width=&#8221;3\/12&#8243;][mk_custom_box padding_vertical=&#8221;10&#8243; padding_horizental=&#8221;10&#8243; background_hov_color_style=&#8221;image&#8221; bg_hov_color=&#8221;#f4f4f4&#8243;][mk_image src=&#8221;http:\/\/intertektrading.com\/de\/wp-content\/uploads\/2019\/06\/button_hotembossing.svg&#8221; image_size=&#8221;full&#8221; svg=&#8221;true&#8221; custom_lightbox=&#8221;http:\/\/intertektrading.com\/de\/services-optical-components\/hot-embossing-technology&#8221; link=&#8221;http:\/\/intertektrading.com\/de\/services-optical-components\/hot-embossing-technology&#8221;][mk_padding_divider size=&#8221;10&#8243;][\/mk_custom_box][\/vc_column_inner][vc_column_inner width=&#8221;3\/12&#8243;][mk_custom_box padding_vertical=&#8221;10&#8243; padding_horizental=&#8221;10&#8243; background_hov_color_style=&#8221;image&#8221; bg_hov_color=&#8221;#f4f4f4&#8243;][mk_image src=&#8221;http:\/\/intertektrading.com\/de\/wp-content\/uploads\/2019\/06\/button_injectionmoulding.svg&#8221; image_size=&#8221;full&#8221; svg=&#8221;true&#8221; custom_lightbox=&#8221;http:\/\/intertektrading.com\/de\/services-optical-components\/optical-injection-moulding&#8221; link=&#8221;http:\/\/intertektrading.com\/de\/services-optical-components\/optical-injection-moulding&#8221;][mk_padding_divider size=&#8221;10&#8243;][\/mk_custom_box][\/vc_column_inner][\/vc_row_inner][mk_padding_divider size=&#8221;50&#8243;][mk_fancy_title tag_name=&#8221;h1&#8243; font_family=&#8221;none&#8221;]\n<h1>Beispiele von kundenspezifischen Optiken<\/h1>\n[\/mk_fancy_title][vc_row_inner][vc_column_inner width=&#8221;1\/5&#8243;][mk_image src=&#8221;http:\/\/intertektrading.com\/de\/wp-content\/uploads\/2019\/02\/custom_edgelit_01.jpg&#8221; image_size=&#8221;full&#8221;][mk_fancy_title tag_name=&#8221;h5&#8243; font_family=&#8221;none&#8221;]\n<h5><strong>Edgelit-Technologie<br \/>\n(Hei\u00dfgepr\u00e4gt)<\/strong><\/h5>\n[\/mk_fancy_title][mk_button dimension=&#8221;flat&#8221; corner_style=&#8221;full_rounded&#8221; size=&#8221;medium&#8221; url=&#8221;http:\/\/intertektrading.com\/de\/wp-content\/uploads\/2019\/06\/4._customized_optics_d_a4.pdf&#8221; target=&#8221;_blank&#8221; margin_top=&#8221;-15&#8243; bg_color=&#8221;#3d7988&#8243;]DATENBLATT[\/mk_button][\/vc_column_inner][vc_column_inner width=&#8221;1\/5&#8243;][mk_image src=&#8221;http:\/\/intertektrading.com\/de\/wp-content\/uploads\/2019\/02\/custom_microlinsen-arrays_01.jpg&#8221; image_size=&#8221;full&#8221;][mk_fancy_title tag_name=&#8221;h5&#8243; font_family=&#8221;none&#8221;]\n<h5><strong> Microlinsen- Arrays<\/strong><\/h5>\n[\/mk_fancy_title][mk_button dimension=&#8221;flat&#8221; corner_style=&#8221;full_rounded&#8221; size=&#8221;medium&#8221; url=&#8221;http:\/\/intertektrading.com\/de\/wp-content\/uploads\/2019\/06\/1._customized_optics_d_a4.pdf&#8221; target=&#8221;_blank&#8221; bg_color=&#8221;#3d7988&#8243;]DATENBLATT[\/mk_button][\/vc_column_inner][vc_column_inner width=&#8221;1\/5&#8243;][mk_image src=&#8221;http:\/\/intertektrading.com\/de\/wp-content\/uploads\/2019\/02\/custom_lfl_01.jpg&#8221; image_size=&#8221;full&#8221;][mk_fancy_title tag_name=&#8221;h5&#8243; font_family=&#8221;none&#8221;]\n<h5><strong>Fresnellinsen<\/strong><\/h5>\n[\/mk_fancy_title][mk_button dimension=&#8221;flat&#8221; corner_style=&#8221;full_rounded&#8221; size=&#8221;medium&#8221; url=&#8221;http:\/\/intertektrading.com\/de\/wp-content\/uploads\/2019\/06\/2._customized_optics_d_a4.pdf&#8221; target=&#8221;_blank&#8221; bg_color=&#8221;#3d7988&#8243;]DATENBLATT[\/mk_button][\/vc_column_inner][vc_column_inner width=&#8221;1\/5&#8243;][mk_image src=&#8221;http:\/\/intertektrading.com\/de\/wp-content\/uploads\/2019\/02\/custom_laminatprismen_02.jpg&#8221; image_size=&#8221;full&#8221;][mk_fancy_title tag_name=&#8221;h5&#8243; font_family=&#8221;none&#8221;]\n<h5><strong>Laminatprismen und -linsen<\/strong><\/h5>\n[\/mk_fancy_title][mk_button dimension=&#8221;flat&#8221; corner_style=&#8221;full_rounded&#8221; size=&#8221;medium&#8221; url=&#8221;http:\/\/intertektrading.com\/de\/wp-content\/uploads\/2019\/06\/3._customized_optics_d_a4.pdf&#8221; target=&#8221;_blank&#8221; bg_color=&#8221;#3d7988&#8243;]DATENBLATT[\/mk_button][\/vc_column_inner][vc_column_inner width=&#8221;1\/5&#8243;][\/vc_column_inner][\/vc_row_inner][mk_padding_divider size=&#8221;60&#8243;][vc_row_inner][vc_column_inner width=&#8221;1\/5&#8243;][mk_image src=&#8221;http:\/\/intertektrading.com\/de\/wp-content\/uploads\/2019\/02\/custom_edgelit_01.jpg&#8221; image_size=&#8221;full&#8221;][mk_fancy_title tag_name=&#8221;h5&#8243; font_family=&#8221;none&#8221;]\n<h5><strong>Edgelit-Technologie <\/strong><strong><br \/>\n(Lasergraviert)<\/strong><\/h5>\n[\/mk_fancy_title][mk_button dimension=&#8221;flat&#8221; corner_style=&#8221;full_rounded&#8221; size=&#8221;medium&#8221; url=&#8221;http:\/\/intertektrading.com\/de\/wp-content\/uploads\/2019\/06\/1._customized_optics_laserengraved_a4-1.pdf&#8221; target=&#8221;_blank&#8221; bg_color=&#8221;#3d7988&#8243;]DATENBLATT[\/mk_button][\/vc_column_inner][vc_column_inner width=&#8221;1\/5&#8243;][mk_image src=&#8221;http:\/\/intertektrading.com\/de\/wp-content\/uploads\/2019\/06\/injection_moulding_service.png&#8221; image_size=&#8221;full&#8221;][mk_fancy_title tag_name=&#8221;h5&#8243; font_family=&#8221;none&#8221;]\n<h5><strong>Optische Spritzguss Technologie<\/strong><\/h5>\n[\/mk_fancy_title][mk_button dimension=&#8221;flat&#8221; corner_style=&#8221;full_rounded&#8221; size=&#8221;medium&#8221; url=&#8221;http:\/\/intertektrading.com\/de\/wp-content\/uploads\/2019\/06\/1._customized_optics_injection_moulding_d.pdf&#8221; target=&#8221;_blank&#8221; bg_color=&#8221;#3d7988&#8243;]DATENBLATT[\/mk_button][\/vc_column_inner][vc_column_inner width=&#8221;1\/5&#8243;][\/vc_column_inner][vc_column_inner width=&#8221;1\/5&#8243;][\/vc_column_inner][vc_column_inner width=&#8221;1\/5&#8243;][\/vc_column_inner][\/vc_row_inner][mk_padding_divider size=&#8221;60&#8243;][mk_padding_divider size=&#8221;60&#8243;][\/vc_column][\/vc_row]\n<\/div>","protected":false},"excerpt":{"rendered":"<p>[vc_row fullwidth=&#8221;true&#8221; fullwidth_content=&#8221;false&#8221; css=&#8221;.vc_custom_1551287308367{background-image: url(http:\/\/intertektrading.com\/de\/wp-content\/uploads\/2019\/02\/services_header_image2x.jpg?id=937) !important;background-position: center !important;background-repeat: no-repeat !important;background-size: cover !important;}&#8221;][vc_column][mk_padding_divider size=&#8221;350&#8243;][mk_fancy_title strip_tags=&#8221;true&#8221; tag_name=&#8221;h4&#8243; color=&#8221;#ffffff&#8221; size=&#8221;42&#8243; line_height=&#8221;110&#8243; font_weight=&#8221;bolder&#8221; font_family=&#8221;none&#8221;]Unsere Dienstleistungen[\/mk_fancy_title][mk_fancy_title strip_tags=&#8221;true&#8221; tag_name=&#8221;h4&#8243; color=&#8221;#ffffff&#8221; size=&#8221;24&#8243; font_weight=&#8221;300&#8243; font_family=&#8221;none&#8221;]Entwicklung und Produktion von kundenspezifischen optischen Komponenten und Systemen aus Kunststoff. Von der Konzeption bis zur Produktion alles aus einer Hand.[\/mk_fancy_title][mk_padding_divider size=&#8221;200&#8243; visibility=&#8221;hidden-dt-v2&#8243;][mk_padding_divider size=&#8221;620&#8243; visibility=&#8221;visible-dt-v2&#8243;][mk_padding_divider][\/vc_column][\/vc_row][vc_row][vc_column][mk_padding_divider size=&#8221;100&#8243;][\/vc_column][\/vc_row][vc_row fullwidth=&#8221;true&#8221; fullwidth_content=&#8221;false&#8221;][vc_column width=&#8221;1\/3&#8243;][mk_custom_box [&hellip;]<\/p>\n","protected":false},"author":1,"featured_media":0,"parent":0,"menu_order":0,"comment_status":"closed","ping_status":"closed","template":"","meta":{"footnotes":""},"class_list":["post-929","page","type-page","status-publish","hentry"],"_links":{"self":[{"href":"https:\/\/intertektrading.com\/de\/wp-json\/wp\/v2\/pages\/929"}],"collection":[{"href":"https:\/\/intertektrading.com\/de\/wp-json\/wp\/v2\/pages"}],"about":[{"href":"https:\/\/intertektrading.com\/de\/wp-json\/wp\/v2\/types\/page"}],"author":[{"embeddable":true,"href":"https:\/\/intertektrading.com\/de\/wp-json\/wp\/v2\/users\/1"}],"replies":[{"embeddable":true,"href":"https:\/\/intertektrading.com\/de\/wp-json\/wp\/v2\/comments?post=929"}],"version-history":[{"count":35,"href":"https:\/\/intertektrading.com\/de\/wp-json\/wp\/v2\/pages\/929\/revisions"}],"predecessor-version":[{"id":3769,"href":"https:\/\/intertektrading.com\/de\/wp-json\/wp\/v2\/pages\/929\/revisions\/3769"}],"wp:attachment":[{"href":"https:\/\/intertektrading.com\/de\/wp-json\/wp\/v2\/media?parent=929"}],"curies":[{"name":"wp","href":"https:\/\/api.w.org\/{rel}","templated":true}]}}